{"id":25,"date":"2023-03-12T15:33:03","date_gmt":"2023-03-12T07:33:03","guid":{"rendered":"https:\/\/scafotech.com\/?page_id=25"},"modified":"2023-05-21T00:16:42","modified_gmt":"2023-05-20T16:16:42","slug":"services","status":"publish","type":"page","link":"https:\/\/scafotech.com\/pt\/services\/","title":{"rendered":"Servi\u00e7os"},"content":{"rendered":"<div data-elementor-type=\"wp-page\" data-elementor-id=\"25\" class=\"elementor elementor-25\" data-elementor-post-type=\"page\">\n\t\t\t\t\t\t<section class=\"elementor-section elementor-top-section elementor-element elementor-element-2b48a051 custom-ele-section-css elementor-section-boxed elementor-section-height-default elementor-section-height-default\" data-id=\"2b48a051\" data-element_type=\"section\" data-e-type=\"section\">\n\t\t\t\t\t\t<div class=\"elementor-container elementor-column-gap-default\">\n\t\t\t\t\t<div class=\"elementor-column elementor-col-100 elementor-top-column elementor-element elementor-element-4809c2a0 elementor-invisible\" data-id=\"4809c2a0\" data-element_type=\"column\" data-e-type=\"column\" data-settings=\"{&quot;animation&quot;:&quot;zoomIn&quot;}\">\n\t\t\t<div class=\"elementor-widget-wrap elementor-element-populated\">\n\t\t\t\t\t\t<div class=\"elementor-element elementor-element-6b95d8e6 elementor-widget elementor-widget-heading\" data-id=\"6b95d8e6\" data-element_type=\"widget\" data-e-type=\"widget\" data-widget_type=\"heading.default\">\n\t\t\t\t<div class=\"elementor-widget-container\">\n\t\t\t\t\t<p class=\"elementor-heading-title elementor-size-default\">Servi\u00e7os<\/p>\t\t\t\t<\/div>\n\t\t\t\t<\/div>\n\t\t\t\t<div class=\"elementor-element elementor-element-241a5c5 elementor-widget elementor-widget-heading\" data-id=\"241a5c5\" data-element_type=\"widget\" data-e-type=\"widget\" data-widget_type=\"heading.default\">\n\t\t\t\t<div class=\"elementor-widget-container\">\n\t\t\t\t\t<h1 class=\"elementor-heading-title elementor-size-default\">O que n\u00f3s fazemos<\/h1>\t\t\t\t<\/div>\n\t\t\t\t<\/div>\n\t\t\t\t<div class=\"elementor-element elementor-element-20596936 elementor-widget elementor-widget-text-editor\" data-id=\"20596936\" data-element_type=\"widget\" data-e-type=\"widget\" data-widget_type=\"text-editor.default\">\n\t\t\t\t<div class=\"elementor-widget-container\">\n\t\t\t\t\t\t\t\t\t<p>Fornecendo solu\u00e7\u00f5es abrangentes de andaimes para suas necessidades de constru\u00e7\u00e3o<\/p>\t\t\t\t\t\t\t\t<\/div>\n\t\t\t\t<\/div>\n\t\t\t\t\t<\/div>\n\t\t<\/div>\n\t\t\t\t\t<\/div>\n\t\t<\/section>\n\t\t\t\t<section class=\"elementor-section elementor-top-section elementor-element elementor-element-761404f custom-ele-section-css elementor-section-boxed elementor-section-height-default elementor-section-height-default\" data-id=\"761404f\" data-element_type=\"section\" data-e-type=\"section\">\n\t\t\t\t\t\t<div class=\"elementor-container elementor-column-gap-default\">\n\t\t\t\t\t<div class=\"elementor-column elementor-col-50 elementor-top-column elementor-element elementor-element-15e6fd55 elementor-invisible\" data-id=\"15e6fd55\" data-element_type=\"column\" data-e-type=\"column\" data-settings=\"{&quot;animation&quot;:&quot;fadeInLeft&quot;}\">\n\t\t\t<div class=\"elementor-widget-wrap elementor-element-populated\">\n\t\t\t\t\t\t<div class=\"elementor-element elementor-element-122668a2 elementor-widget elementor-widget-heading\" data-id=\"122668a2\" data-element_type=\"widget\" data-e-type=\"widget\" data-widget_type=\"heading.default\">\n\t\t\t\t<div class=\"elementor-widget-container\">\n\t\t\t\t\t<p class=\"elementor-heading-title elementor-size-default\">Servi\u00e7os que prestamos<\/p>\t\t\t\t<\/div>\n\t\t\t\t<\/div>\n\t\t\t\t<div class=\"elementor-element elementor-element-4936e5c8 elementor-widget elementor-widget-heading\" data-id=\"4936e5c8\" data-element_type=\"widget\" data-e-type=\"widget\" data-widget_type=\"heading.default\">\n\t\t\t\t<div class=\"elementor-widget-container\">\n\t\t\t\t\t<h3 class=\"elementor-heading-title elementor-size-default\">Servi\u00e7os de contrata\u00e7\u00e3o profissional para suas necessidades de constru\u00e7\u00e3o<\/h3>\t\t\t\t<\/div>\n\t\t\t\t<\/div>\n\t\t\t\t<div class=\"elementor-element elementor-element-46564dfa elementor-widget elementor-widget-text-editor\" data-id=\"46564dfa\" data-element_type=\"widget\" data-e-type=\"widget\" data-widget_type=\"text-editor.default\">\n\t\t\t\t<div class=\"elementor-widget-container\">\n\t\t\t\t\t\t\t\t\t<p>Experimente a diferen\u00e7a do servi\u00e7o ScafoTech: Da consultoria de design \u00e0 produ\u00e7\u00e3o sob medida, nossos servi\u00e7os de contrata\u00e7\u00e3o profissional abrangem todos os aspectos do seu projeto de constru\u00e7\u00e3o. Armada com profundo conhecimento e habilidades no setor, nossa equipe est\u00e1 pronta para criar solu\u00e7\u00f5es de qualidade superior, perfeitamente sintonizadas com as necessidades espec\u00edficas do seu projeto.<\/p>\t\t\t\t\t\t\t\t<\/div>\n\t\t\t\t<\/div>\n\t\t\t\t<div class=\"elementor-element elementor-element-30c34d22 elementor-widget elementor-widget-text-editor\" data-id=\"30c34d22\" data-element_type=\"widget\" data-e-type=\"widget\" data-widget_type=\"text-editor.default\">\n\t\t\t\t<div class=\"elementor-widget-container\">\n\t\t\t\t\t\t\t\t\t<p>Al\u00e9m da fabrica\u00e7\u00e3o, a ScafoTech estende seus servi\u00e7os para vendas, suporte t\u00e9cnico e treinamento especializado, consolidando o caminho para o sucesso do seu projeto. Confie em nosso compromisso com o profissionalismo e a excel\u00eancia enquanto nos esfor\u00e7amos para redefinir os padr\u00f5es da ind\u00fastria de andaimes e sua experi\u00eancia em constru\u00e7\u00e3o.<\/p>\t\t\t\t\t\t\t\t<\/div>\n\t\t\t\t<\/div>\n\t\t\t\t<div class=\"elementor-element elementor-element-429cd603 elementor-tablet-align-center elementor-widget elementor-widget-button\" data-id=\"429cd603\" data-element_type=\"widget\" data-e-type=\"widget\" data-widget_type=\"button.default\">\n\t\t\t\t<div class=\"elementor-widget-container\">\n\t\t\t\t\t\t\t\t\t<div class=\"elementor-button-wrapper\">\n\t\t\t\t\t<a class=\"elementor-button elementor-button-link elementor-size-sm\" href=\"#elementor-action%3Aaction%3Dpopup%3Aopen%26settings%3DeyJpZCI6IjM1MiIsInRvZ2dsZSI6ZmFsc2V9\">\n\t\t\t\t\t\t<span class=\"elementor-button-content-wrapper\">\n\t\t\t\t\t\t<span class=\"elementor-button-icon\">\n\t\t\t\t<i aria-hidden=\"true\" class=\"fas fa-arrow-right\"><\/i>\t\t\t<\/span>\n\t\t\t\t\t\t\t\t\t<span class=\"elementor-button-text\">Crie um projeto<\/span>\n\t\t\t\t\t<\/span>\n\t\t\t\t\t<\/a>\n\t\t\t\t<\/div>\n\t\t\t\t\t\t\t\t<\/div>\n\t\t\t\t<\/div>\n\t\t\t\t\t<\/div>\n\t\t<\/div>\n\t\t\t\t<div class=\"elementor-column elementor-col-50 elementor-top-column elementor-element elementor-element-6e5d6d1b elementor-invisible\" data-id=\"6e5d6d1b\" data-element_type=\"column\" data-e-type=\"column\" data-settings=\"{&quot;animation&quot;:&quot;fadeInRight&quot;}\">\n\t\t\t<div class=\"elementor-widget-wrap elementor-element-populated\">\n\t\t\t\t\t\t<div class=\"elementor-element elementor-element-3de1fb22 elementor-widget elementor-widget-image\" data-id=\"3de1fb22\" data-element_type=\"widget\" data-e-type=\"widget\" data-widget_type=\"image.default\">\n\t\t\t\t<div class=\"elementor-widget-container\">\n\t\t\t\t\t\t\t\t\t\t\t\t\t\t\t<img decoding=\"async\" src=\"https:\/\/scafotech.com\/wp-content\/uploads\/elementor\/thumbs\/formwork-for-concrete-on-the-structure-q4bxc60s82yz5pzm6znvn871xra96pba1l1ez4k38w.jpg\" title=\"F\u00f4rma para concreto na estrutura\" alt=\"F\u00f4rma para concreto na estrutura\" loading=\"lazy\" \/>\t\t\t\t\t\t\t\t\t\t\t\t\t\t\t<\/div>\n\t\t\t\t<\/div>\n\t\t\t\t\t<\/div>\n\t\t<\/div>\n\t\t\t\t\t<\/div>\n\t\t<\/section>\n\t\t\t\t<section class=\"elementor-section elementor-top-section elementor-element elementor-element-df5c49 custom-ele-section-css elementor-section-boxed elementor-section-height-default elementor-section-height-default\" data-id=\"df5c49\" data-element_type=\"section\" data-e-type=\"section\">\n\t\t\t\t\t\t<div class=\"elementor-container elementor-column-gap-default\">\n\t\t\t\t\t<div class=\"elementor-column elementor-col-100 elementor-top-column elementor-element elementor-element-2490eb4e elementor-invisible\" data-id=\"2490eb4e\" data-element_type=\"column\" data-e-type=\"column\" data-settings=\"{&quot;animation&quot;:&quot;fadeInUp&quot;}\">\n\t\t\t<div class=\"elementor-widget-wrap elementor-element-populated\">\n\t\t\t\t\t\t<section class=\"elementor-section elementor-inner-section elementor-element elementor-element-4681a1eb elementor-section-boxed elementor-section-height-default elementor-section-height-default\" data-id=\"4681a1eb\" data-element_type=\"section\" data-e-type=\"section\">\n\t\t\t\t\t\t<div class=\"elementor-container elementor-column-gap-default\">\n\t\t\t\t\t<div class=\"elementor-column elementor-col-33 elementor-inner-column elementor-element elementor-element-a8ce22b\" data-id=\"a8ce22b\" data-element_type=\"column\" data-e-type=\"column\">\n\t\t\t<div class=\"elementor-widget-wrap elementor-element-populated\">\n\t\t\t\t\t\t<div class=\"elementor-element elementor-element-6caa0c0d elementor-position-top elementor-widget elementor-widget-image-box\" data-id=\"6caa0c0d\" data-element_type=\"widget\" data-e-type=\"widget\" data-widget_type=\"image-box.default\">\n\t\t\t\t<div class=\"elementor-widget-container\">\n\t\t\t\t\t<div class=\"elementor-image-box-wrapper\"><figure class=\"elementor-image-box-img\"><img fetchpriority=\"high\" decoding=\"async\" width=\"2000\" height=\"1390\" src=\"https:\/\/scafotech.com\/wp-content\/uploads\/2023\/03\/architect-handshake-and-thank-you-for-construction-blueprint-and-collaboration-on-building-design.jpg\" class=\"attachment-full size-full wp-image-693\" alt=\"Arquiteto, aperto de m\u00e3o e obrigado pela constru\u00e7\u00e3o, planta e colabora\u00e7\u00e3o no projeto de constru\u00e7\u00e3o\" srcset=\"https:\/\/scafotech.com\/wp-content\/uploads\/2023\/03\/architect-handshake-and-thank-you-for-construction-blueprint-and-collaboration-on-building-design.jpg 2000w, https:\/\/scafotech.com\/wp-content\/uploads\/2023\/03\/architect-handshake-and-thank-you-for-construction-blueprint-and-collaboration-on-building-design-300x209.jpg 300w, https:\/\/scafotech.com\/wp-content\/uploads\/2023\/03\/architect-handshake-and-thank-you-for-construction-blueprint-and-collaboration-on-building-design-1024x712.jpg 1024w, https:\/\/scafotech.com\/wp-content\/uploads\/2023\/03\/architect-handshake-and-thank-you-for-construction-blueprint-and-collaboration-on-building-design-768x534.jpg 768w, https:\/\/scafotech.com\/wp-content\/uploads\/2023\/03\/architect-handshake-and-thank-you-for-construction-blueprint-and-collaboration-on-building-design-1536x1068.jpg 1536w\" sizes=\"(max-width: 2000px) 100vw, 2000px\" \/><\/figure><div class=\"elementor-image-box-content\"><h5 class=\"elementor-image-box-title\">Design e Consultoria<\/h5><p class=\"elementor-image-box-description\">Nossa experiente equipe fornece servi\u00e7os especializados de consultoria e projeto de andaimes e cofragens para garantir o sucesso do seu projeto de constru\u00e7\u00e3o. Desde a concep\u00e7\u00e3o do projeto at\u00e9 o gerenciamento da constru\u00e7\u00e3o, trabalhamos em estreita colabora\u00e7\u00e3o com voc\u00ea para fornecer solu\u00e7\u00f5es personalizadas para atender \u00e0s suas necessidades exclusivas.<br><\/p><\/div><\/div>\t\t\t\t<\/div>\n\t\t\t\t<\/div>\n\t\t\t\t<div class=\"elementor-element elementor-element-71da8b9b elementor-position-top elementor-widget elementor-widget-image-box\" data-id=\"71da8b9b\" data-element_type=\"widget\" data-e-type=\"widget\" data-widget_type=\"image-box.default\">\n\t\t\t\t<div class=\"elementor-widget-container\">\n\t\t\t\t\t<div class=\"elementor-image-box-wrapper\"><figure class=\"elementor-image-box-img\"><img decoding=\"async\" width=\"2000\" height=\"1253\" src=\"https:\/\/scafotech.com\/wp-content\/uploads\/2023\/03\/construction.jpg\" class=\"attachment-full size-full wp-image-695\" alt=\"constru\u00e7\u00e3o\" srcset=\"https:\/\/scafotech.com\/wp-content\/uploads\/2023\/03\/construction.jpg 2000w, https:\/\/scafotech.com\/wp-content\/uploads\/2023\/03\/construction-300x188.jpg 300w, https:\/\/scafotech.com\/wp-content\/uploads\/2023\/03\/construction-1024x642.jpg 1024w, https:\/\/scafotech.com\/wp-content\/uploads\/2023\/03\/construction-768x481.jpg 768w, https:\/\/scafotech.com\/wp-content\/uploads\/2023\/03\/construction-1536x962.jpg 1536w\" sizes=\"(max-width: 2000px) 100vw, 2000px\" \/><\/figure><div class=\"elementor-image-box-content\"><h5 class=\"elementor-image-box-title\">Habilidades T\u00e9cnicas e Treinamento<\/h5><p class=\"elementor-image-box-description\">Oferecemos habilidades t\u00e9cnicas abrangentes e programas de treinamento para garantir que sua equipe esteja equipada com o conhecimento e as habilidades necess\u00e1rias para concluir seu projeto com sucesso. Nossos programas de treinamento s\u00e3o projetados para atender \u00e0s necessidades espec\u00edficas de sua equipe e podem ser personalizados para se adequar \u00e0 sua programa\u00e7\u00e3o.<\/p><\/div><\/div>\t\t\t\t<\/div>\n\t\t\t\t<\/div>\n\t\t\t\t\t<\/div>\n\t\t<\/div>\n\t\t\t\t<div class=\"elementor-column elementor-col-33 elementor-inner-column elementor-element elementor-element-518e851b\" data-id=\"518e851b\" data-element_type=\"column\" data-e-type=\"column\">\n\t\t\t<div class=\"elementor-widget-wrap elementor-element-populated\">\n\t\t\t\t\t\t<div class=\"elementor-element elementor-element-781ebecc elementor-position-top elementor-widget elementor-widget-image-box\" data-id=\"781ebecc\" data-element_type=\"widget\" data-e-type=\"widget\" data-widget_type=\"image-box.default\">\n\t\t\t\t<div class=\"elementor-widget-container\">\n\t\t\t\t\t<div class=\"elementor-image-box-wrapper\"><figure class=\"elementor-image-box-img\"><img decoding=\"async\" width=\"800\" height=\"600\" src=\"https:\/\/scafotech.com\/wp-content\/uploads\/2023\/03\/why-choose-us_04.jpg\" class=\"attachment-2048x2048 size-2048x2048 wp-image-339\" alt=\"\" srcset=\"https:\/\/scafotech.com\/wp-content\/uploads\/2023\/03\/why-choose-us_04.jpg 800w, https:\/\/scafotech.com\/wp-content\/uploads\/2023\/03\/why-choose-us_04-300x225.jpg 300w, https:\/\/scafotech.com\/wp-content\/uploads\/2023\/03\/why-choose-us_04-768x576.jpg 768w\" sizes=\"(max-width: 800px) 100vw, 800px\" \/><\/figure><div class=\"elementor-image-box-content\"><h5 class=\"elementor-image-box-title\">Personaliza\u00e7\u00e3o e Produ\u00e7\u00e3o<\/h5><p class=\"elementor-image-box-description\">Nossas instala\u00e7\u00f5es de produ\u00e7\u00e3o de \u00faltima gera\u00e7\u00e3o nos permitem fornecer solu\u00e7\u00f5es personalizadas de andaimes para atender \u00e0s suas necessidades espec\u00edficas. Utilizamos apenas materiais da mais alta qualidade e tecnologia de ponta para garantir a durabilidade e longevidade de nossos produtos.<\/p><\/div><\/div>\t\t\t\t<\/div>\n\t\t\t\t<\/div>\n\t\t\t\t<div class=\"elementor-element elementor-element-7a269f3b elementor-position-top elementor-widget elementor-widget-image-box\" data-id=\"7a269f3b\" data-element_type=\"widget\" data-e-type=\"widget\" data-widget_type=\"image-box.default\">\n\t\t\t\t<div class=\"elementor-widget-container\">\n\t\t\t\t\t<div class=\"elementor-image-box-wrapper\"><figure class=\"elementor-image-box-img\"><img loading=\"lazy\" decoding=\"async\" width=\"969\" height=\"726\" src=\"https:\/\/scafotech.com\/wp-content\/uploads\/2023\/03\/000.jpg\" class=\"attachment-full size-full wp-image-340\" alt=\"teste de andaimes\" srcset=\"https:\/\/scafotech.com\/wp-content\/uploads\/2023\/03\/000.jpg 969w, https:\/\/scafotech.com\/wp-content\/uploads\/2023\/03\/000-300x225.jpg 300w, https:\/\/scafotech.com\/wp-content\/uploads\/2023\/03\/000-768x575.jpg 768w\" sizes=\"(max-width: 969px) 100vw, 969px\" \/><\/figure><div class=\"elementor-image-box-content\"><h5 class=\"elementor-image-box-title\">Teste<\/h5><p class=\"elementor-image-box-description\">Nossos produtos passam por testes rigorosos para garantir que atendam aos mais altos padr\u00f5es de seguran\u00e7a e qualidade da ind\u00fastria. Possu\u00edmos laborat\u00f3rio pr\u00f3prio e diversas m\u00e1quinas de testes. Tamb\u00e9m usamos a mais recente tecnologia e m\u00e9todos de teste para garantir que nossos produtos atendam ou superem suas expectativas.<\/p><\/div><\/div>\t\t\t\t<\/div>\n\t\t\t\t<\/div>\n\t\t\t\t\t<\/div>\n\t\t<\/div>\n\t\t\t\t<div class=\"elementor-column elementor-col-33 elementor-inner-column elementor-element elementor-element-ed1a60c\" data-id=\"ed1a60c\" data-element_type=\"column\" data-e-type=\"column\">\n\t\t\t<div class=\"elementor-widget-wrap elementor-element-populated\">\n\t\t\t\t\t\t<div class=\"elementor-element elementor-element-5738ca24 elementor-position-top elementor-widget elementor-widget-image-box\" data-id=\"5738ca24\" data-element_type=\"widget\" data-e-type=\"widget\" data-widget_type=\"image-box.default\">\n\t\t\t\t<div class=\"elementor-widget-container\">\n\t\t\t\t\t<div class=\"elementor-image-box-wrapper\"><figure class=\"elementor-image-box-img\"><img loading=\"lazy\" decoding=\"async\" width=\"2048\" height=\"1365\" src=\"https:\/\/scafotech.com\/wp-content\/uploads\/2023\/03\/20121123-012-2048x1365.jpg\" class=\"attachment-2048x2048 size-2048x2048 wp-image-335\" alt=\"entrega de andaimes\" srcset=\"https:\/\/scafotech.com\/wp-content\/uploads\/2023\/03\/20121123-012-2048x1365.jpg 2048w, https:\/\/scafotech.com\/wp-content\/uploads\/2023\/03\/20121123-012-300x200.jpg 300w, https:\/\/scafotech.com\/wp-content\/uploads\/2023\/03\/20121123-012-1024x683.jpg 1024w, https:\/\/scafotech.com\/wp-content\/uploads\/2023\/03\/20121123-012-768x512.jpg 768w, https:\/\/scafotech.com\/wp-content\/uploads\/2023\/03\/20121123-012-1536x1024.jpg 1536w\" sizes=\"(max-width: 2048px) 100vw, 2048px\" \/><\/figure><div class=\"elementor-image-box-content\"><h5 class=\"elementor-image-box-title\"><br>Vendas<\/h5><p class=\"elementor-image-box-description\">Nossa experiente equipe de vendas se dedica a fornecer o melhor servi\u00e7o e suporte de andaimes ao cliente. Trabalhamos com voc\u00ea para entender suas necessidades e fornecer as solu\u00e7\u00f5es de andaimes certas para atender ao seu or\u00e7amento e cronograma.<br><br><\/p><\/div><\/div>\t\t\t\t<\/div>\n\t\t\t\t<\/div>\n\t\t\t\t<div class=\"elementor-element elementor-element-4d5906d4 elementor-position-top elementor-widget elementor-widget-image-box\" data-id=\"4d5906d4\" data-element_type=\"widget\" data-e-type=\"widget\" data-widget_type=\"image-box.default\">\n\t\t\t\t<div class=\"elementor-widget-container\">\n\t\t\t\t\t<div class=\"elementor-image-box-wrapper\"><figure class=\"elementor-image-box-img\"><img loading=\"lazy\" decoding=\"async\" width=\"2425\" height=\"1362\" src=\"https:\/\/scafotech.com\/wp-content\/uploads\/2023\/03\/57d0951cfa30559e7364b4b070a3345.jpg\" class=\"attachment-full size-full wp-image-272\" alt=\"Andaimes Ringlock para constru\u00e7\u00e3o e manuten\u00e7\u00e3o naval.\" srcset=\"https:\/\/scafotech.com\/wp-content\/uploads\/2023\/03\/57d0951cfa30559e7364b4b070a3345.jpg 2425w, https:\/\/scafotech.com\/wp-content\/uploads\/2023\/03\/57d0951cfa30559e7364b4b070a3345-300x168.jpg 300w, https:\/\/scafotech.com\/wp-content\/uploads\/2023\/03\/57d0951cfa30559e7364b4b070a3345-1024x575.jpg 1024w, https:\/\/scafotech.com\/wp-content\/uploads\/2023\/03\/57d0951cfa30559e7364b4b070a3345-768x431.jpg 768w, https:\/\/scafotech.com\/wp-content\/uploads\/2023\/03\/57d0951cfa30559e7364b4b070a3345-1536x863.jpg 1536w, https:\/\/scafotech.com\/wp-content\/uploads\/2023\/03\/57d0951cfa30559e7364b4b070a3345-2048x1150.jpg 2048w\" sizes=\"(max-width: 2425px) 100vw, 2425px\" \/><\/figure><div class=\"elementor-image-box-content\"><h5 class=\"elementor-image-box-title\">Contrata\u00e7\u00e3o de Servi\u00e7os<\/h5><p class=\"elementor-image-box-description\">Nossa empresa oferece servi\u00e7os de contrata\u00e7\u00e3o profissional para projetos de constru\u00e7\u00e3o. Do design e consultoria \u00e0 personaliza\u00e7\u00e3o e produ\u00e7\u00e3o, nossa equipe oferece solu\u00e7\u00f5es abrangentes para atender \u00e0s suas necessidades espec\u00edficas. Com experi\u00eancia em testes e controle de qualidade, garantimos o mais alto n\u00edvel de desempenho e seguran\u00e7a. Confie em n\u00f3s para sermos seu parceiro confi\u00e1vel para todas as suas necessidades de contrata\u00e7\u00e3o.<\/p><\/div><\/div>\t\t\t\t<\/div>\n\t\t\t\t<\/div>\n\t\t\t\t\t<\/div>\n\t\t<\/div>\n\t\t\t\t\t<\/div>\n\t\t<\/section>\n\t\t\t\t\t<\/div>\n\t\t<\/div>\n\t\t\t\t\t<\/div>\n\t\t<\/section>\n\t\t\t\t<\/div>","protected":false},"excerpt":{"rendered":"<p>Services What We Do Providing Comprehensive Scaffolding Solutions for Your Construction Needs Services we provide Professional Contracting Services for Your Construction Needs Experience the ScafoTech service difference: From design consultation to bespoke production, our professional contracting services envelop every aspect of your construction project. Armed with deep industry expertise and skills, our team stands ready [&hellip;]<\/p>\n","protected":false},"author":1,"featured_media":0,"parent":0,"menu_order":0,"comment_status":"closed","ping_status":"closed","template":"","meta":{"_seopress_robots_primary_cat":"","_seopress_titles_title":"","_seopress_titles_desc":"","_seopress_robots_index":"","footnotes":""},"class_list":["post-25","page","type-page","status-publish"],"_links":{"self":[{"href":"https:\/\/scafotech.com\/pt\/wp-json\/wp\/v2\/pages\/25","targetHints":{"allow":["GET"]}}],"collection":[{"href":"https:\/\/scafotech.com\/pt\/wp-json\/wp\/v2\/pages"}],"about":[{"href":"https:\/\/scafotech.com\/pt\/wp-json\/wp\/v2\/types\/page"}],"author":[{"embeddable":true,"href":"https:\/\/scafotech.com\/pt\/wp-json\/wp\/v2\/users\/1"}],"replies":[{"embeddable":true,"href":"https:\/\/scafotech.com\/pt\/wp-json\/wp\/v2\/comments?post=25"}],"version-history":[{"count":0,"href":"https:\/\/scafotech.com\/pt\/wp-json\/wp\/v2\/pages\/25\/revisions"}],"wp:attachment":[{"href":"https:\/\/scafotech.com\/pt\/wp-json\/wp\/v2\/media?parent=25"}],"curies":[{"name":"wp","href":"https:\/\/api.w.org\/{rel}","templated":true}]}}