{"id":2149,"date":"2023-05-26T00:10:08","date_gmt":"2023-05-25T16:10:08","guid":{"rendered":"https:\/\/scafotech.com\/?page_id=2149"},"modified":"2023-05-26T00:10:09","modified_gmt":"2023-05-25T16:10:09","slug":"scafotech-terms-conditions","status":"publish","type":"page","link":"https:\/\/scafotech.com\/pt\/scafotech-terms-conditions\/","title":{"rendered":"Termos e Condi\u00e7\u00f5es da ScafoTech"},"content":{"rendered":"<ol class=\"wp-block-list\">\n<li><strong>Introdu\u00e7\u00e3o<\/strong><\/li>\n<\/ol>\n\n\n\n<p>Estes termos e condi\u00e7\u00f5es (\u201cTermos\u201d) regem o relacionamento entre voc\u00ea (\u201cCliente\u201d) e a ScafoTech (\u201cEmpresa\u201d, \u201cN\u00f3s\u201d, \u201cConosco\u201d), uma empresa de manufatura B2B com sede em Jiangsu, China. Ao adquirir produtos ou servi\u00e7os da ScafoTech, voc\u00ea concorda em obedecer a estes Termos.<\/p>\n\n\n\n<ol class=\"wp-block-list\" start=\"2\">\n<li><strong>Pedido e entrega<\/strong><\/li>\n<\/ol>\n\n\n\n<p>2.1 Os clientes podem fazer pedidos de nossos produtos atrav\u00e9s do nosso site, e-mail ou qualquer outro canal de comunica\u00e7\u00e3o aprovado.<\/p>\n\n\n\n<p>2.2 Nossos produtos s\u00e3o entregues em todo o mundo. O cronograma de entrega ser\u00e1 comunicado ao cliente assim que o pedido for confirmado.<\/p>\n\n\n\n<p>2.3 Priorizamos entregas r\u00e1pidas e pontuais. No entanto, em caso de imprevistos, a empresa reserva-se o direito de reagendar as datas de entrega.<\/p>\n\n\n\n<ol class=\"wp-block-list\" start=\"3\">\n<li><strong>Termos de pagamento<\/strong><\/li>\n<\/ol>\n\n\n\n<p>3.1 A ScafoTech aceita pagamento atrav\u00e9s de T\/T (Transfer\u00eancia Telegr\u00e1fica) e L\/C (Carta de Cr\u00e9dito).<\/p>\n\n\n\n<p>3.2 Ao fazer um pedido, \u00e9 necess\u00e1rio um dep\u00f3sito 30% do valor total. O saldo restante do 70% dever\u00e1 ser pago mediante o recebimento da c\u00f3pia do conhecimento de embarque.<\/p>\n\n\n\n<p>3.3 Quaisquer atrasos nos pagamentos podem levar a atrasos na entrega, e atrasos persistentes podem resultar no t\u00e9rmino da rela\u00e7\u00e3o comercial.<\/p>\n\n\n\n<ol class=\"wp-block-list\" start=\"4\">\n<li><strong>Qualidade e Garantia<\/strong><\/li>\n<\/ol>\n\n\n\n<p>4.1 A ScafoTech est\u00e1 comprometida em fornecer produtos de alta qualidade. Todos os nossos produtos s\u00e3o certificados pela TUV, SGS, OSHA e ANIS, garantindo que atendam aos padr\u00f5es internacionais de seguran\u00e7a e qualidade.<\/p>\n\n\n\n<p>4.2 Oferecemos garantia para nossos produtos por um per\u00edodo especificado no momento da compra. Esta garantia cobre defeitos de material e de fabrica\u00e7\u00e3o, mas n\u00e3o cobre danos devido ao uso indevido ou neglig\u00eancia.<\/p>\n\n\n\n<ol class=\"wp-block-list\" start=\"5\">\n<li><strong>Produtos customizados<\/strong><\/li>\n<\/ol>\n\n\n\n<p>5.1 Oferecemos solu\u00e7\u00f5es customizadas para atender \u00e0s necessidades espec\u00edficas de nossos clientes. A extens\u00e3o e os termos da personaliza\u00e7\u00e3o ser\u00e3o acordados no momento do pedido.<\/p>\n\n\n\n<p>5.2 Uma vez confirmada uma encomenda personalizada, poder\u00e1 n\u00e3o ser poss\u00edvel efetuar altera\u00e7\u00f5es ou cancelamentos.<\/p>\n\n\n\n<ol class=\"wp-block-list\" start=\"6\">\n<li><strong>Atendimento ao Cliente<\/strong><\/li>\n<\/ol>\n\n\n\n<p>6.1 A ScafoTech se orgulha de seu excepcional atendimento ao cliente. Nosso objetivo \u00e9 resolver quaisquer problemas ou disputas da maneira mais r\u00e1pida e justa poss\u00edvel.<\/p>\n\n\n\n<p>6.2 Quaisquer reclama\u00e7\u00f5es ou disputas devem ser encaminhadas \u00e0 nossa equipe de atendimento ao cliente atrav\u00e9s dos dados de contato oficiais fornecidos em nosso site.<\/p>\n\n\n\n<ol class=\"wp-block-list\" start=\"7\">\n<li><strong>Mudan\u00e7as nos Termos<\/strong><\/li>\n<\/ol>\n\n\n\n<p>7.1 A ScafoTech reserva-se o direito de modificar estes Termos a qualquer momento. As altera\u00e7\u00f5es entrar\u00e3o em vigor imediatamente ap\u00f3s a publica\u00e7\u00e3o em nosso site.<\/p>\n\n\n\n<ol class=\"wp-block-list\" start=\"8\">\n<li><strong>Lei Aplic\u00e1vel<\/strong><\/li>\n<\/ol>\n\n\n\n<p>8.1 Estes Termos ser\u00e3o regidos e interpretados de acordo com as leis de Jiangsu, China.<\/p>\n\n\n\n<p>Certifique-se de ler e compreender estes Termos antes de fazer um pedido com a ScafoTech. A realiza\u00e7\u00e3o de um pedido indica sua aceita\u00e7\u00e3o destes Termos.<\/p>","protected":false},"excerpt":{"rendered":"<p>These terms and conditions (&#8220;Terms&#8221;) govern the relationship between you (&#8220;Customer&#8221;) and ScafoTech (&#8220;Company&#8221;, &#8220;We&#8221;, &#8220;Us&#8221;), a B2B manufacturing company headquartered in Jiangsu, China. By purchasing products or services from ScafoTech, you agree to be bound by these Terms. 2.1 Customers may place orders for our products through our website, email, or any other approved [&hellip;]<\/p>\n","protected":false},"author":1,"featured_media":0,"parent":0,"menu_order":0,"comment_status":"closed","ping_status":"closed","template":"","meta":{"_seopress_robots_primary_cat":"","_seopress_titles_title":"","_seopress_titles_desc":"","_seopress_robots_index":"","footnotes":""},"class_list":["post-2149","page","type-page","status-publish"],"_links":{"self":[{"href":"https:\/\/scafotech.com\/pt\/wp-json\/wp\/v2\/pages\/2149","targetHints":{"allow":["GET"]}}],"collection":[{"href":"https:\/\/scafotech.com\/pt\/wp-json\/wp\/v2\/pages"}],"about":[{"href":"https:\/\/scafotech.com\/pt\/wp-json\/wp\/v2\/types\/page"}],"author":[{"embeddable":true,"href":"https:\/\/scafotech.com\/pt\/wp-json\/wp\/v2\/users\/1"}],"replies":[{"embeddable":true,"href":"https:\/\/scafotech.com\/pt\/wp-json\/wp\/v2\/comments?post=2149"}],"version-history":[{"count":1,"href":"https:\/\/scafotech.com\/pt\/wp-json\/wp\/v2\/pages\/2149\/revisions"}],"predecessor-version":[{"id":2150,"href":"https:\/\/scafotech.com\/pt\/wp-json\/wp\/v2\/pages\/2149\/revisions\/2150"}],"wp:attachment":[{"href":"https:\/\/scafotech.com\/pt\/wp-json\/wp\/v2\/media?parent=2149"}],"curies":[{"name":"wp","href":"https:\/\/api.w.org\/{rel}","templated":true}]}}