{"id":1427,"date":"2023-04-25T16:46:59","date_gmt":"2023-04-25T08:46:59","guid":{"rendered":"https:\/\/scafotech.com\/?page_id=1427"},"modified":"2024-06-17T10:33:51","modified_gmt":"2024-06-17T02:33:51","slug":"privacy-policy","status":"publish","type":"page","link":"https:\/\/scafotech.com\/pt\/privacy-policy\/","title":{"rendered":"pol\u00edtica de Privacidade"},"content":{"rendered":"<p>Sua privacidade \u00e9 importante para n\u00f3s. A pol\u00edtica da Scafotech \u00e9 respeitar sua privacidade e cumprir com qualquer lei e regulamento aplic\u00e1vel em rela\u00e7\u00e3o a qualquer informa\u00e7\u00e3o pessoal que possamos coletar sobre voc\u00ea, incluindo em nosso site,\u00a0<a href=\"https:\/\/scafotech.com\/pt\/\">https:\/\/scafotech.com\/<\/a>e outros sites que possu\u00edmos e operamos.<\/p>\n\n\n\n<p>Esta pol\u00edtica entra em vigor em 8 de agosto de 2021 e foi atualizada pela \u00faltima vez em 8 de agosto de 2021.<\/p>\n\n\n\n<h3 class=\"wp-block-heading\">Informa\u00e7\u00f5es que coletamos<\/h3>\n\n\n\n<p>As informa\u00e7\u00f5es que coletamos incluem informa\u00e7\u00f5es que voc\u00ea nos fornece de forma consciente e ativa ao usar ou participar de qualquer um de nossos servi\u00e7os e promo\u00e7\u00f5es, e quaisquer informa\u00e7\u00f5es enviadas automaticamente por seus dispositivos durante o acesso aos nossos produtos e servi\u00e7os.<\/p>\n\n\n\n<h4 class=\"wp-block-heading\">Dados de registro<\/h4>\n\n\n\n<p>Quando voc\u00ea visita nosso site, nossos servidores podem registrar automaticamente os dados padr\u00e3o fornecidos pelo seu navegador. Pode incluir o endere\u00e7o IP (Internet Protocol) do seu dispositivo, o tipo e vers\u00e3o do seu navegador, as p\u00e1ginas que voc\u00ea visita, a hora e a data da sua visita, o tempo gasto em cada p\u00e1gina, outros detalhes sobre a sua visita e detalhes t\u00e9cnicos que ocorrem em juntamente com quaisquer erros que voc\u00ea possa encontrar.<\/p>\n\n\n\n<p>Esteja ciente de que, embora essas informa\u00e7\u00f5es possam n\u00e3o ser de identifica\u00e7\u00e3o pessoal por si s\u00f3, pode ser poss\u00edvel combin\u00e1-las com outros dados para identificar pessoalmente pessoas individuais.<\/p>\n\n\n\n<h4 class=\"wp-block-heading\">Informa\u00e7\u00f5es pessoais<\/h4>\n\n\n\n<p>Podemos solicitar informa\u00e7\u00f5es pessoais que podem incluir um ou mais dos seguintes:<\/p>\n\n\n\n<ul class=\"wp-block-list\">\n<li>Nome<\/li>\n\n\n\n<li>E-mail<\/li>\n<\/ul>\n\n\n\n<h4 class=\"wp-block-heading\">Raz\u00f5es leg\u00edtimas para processar suas informa\u00e7\u00f5es pessoais<\/h4>\n\n\n\n<p>Apenas coletamos e utilizamos suas informa\u00e7\u00f5es pessoais quando temos um motivo leg\u00edtimo para faz\u00ea-lo. Nesse caso, coletamos apenas informa\u00e7\u00f5es pessoais que sejam razoavelmente necess\u00e1rias para lhe fornecer nossos servi\u00e7os.<\/p>\n\n\n\n<h4 class=\"wp-block-heading\">Coleta e uso de informa\u00e7\u00f5es<\/h4>\n\n\n\n<p>Poderemos coletar suas informa\u00e7\u00f5es pessoais quando voc\u00ea fizer qualquer uma das seguintes a\u00e7\u00f5es em nosso site:<\/p>\n\n\n\n<ul class=\"wp-block-list\">\n<li>Use um dispositivo m\u00f3vel ou navegador da web para acessar nosso conte\u00fado<\/li>\n\n\n\n<li>Entre em contato conosco por e-mail, m\u00eddia social ou qualquer tecnologia semelhante<\/li>\n\n\n\n<li>Quando voc\u00ea nos menciona nas redes sociais<\/li>\n<\/ul>\n\n\n\n<p>Podemos coletar, reter, usar e divulgar informa\u00e7\u00f5es para os seguintes fins, e as informa\u00e7\u00f5es pessoais n\u00e3o ser\u00e3o processadas posteriormente de maneira incompat\u00edvel com esses fins:<\/p>\n\n\n\n<p>Podemos coletar, reter, usar e divulgar informa\u00e7\u00f5es para os seguintes fins, e as informa\u00e7\u00f5es pessoais n\u00e3o ser\u00e3o processadas posteriormente de maneira incompat\u00edvel com esses fins:<\/p>\n\n\n\n<ul class=\"wp-block-list\">\n<li>para permitir que voc\u00ea personalize ou personalize sua experi\u00eancia em nosso site<\/li>\n\n\n\n<li>para an\u00e1lises, pesquisas de mercado e desenvolvimento de neg\u00f3cios, inclusive para operar e melhorar nosso site, aplicativos associados e plataformas de m\u00eddia social associadas<\/li>\n<\/ul>\n\n\n\n<p>Esteja ciente de que podemos combinar informa\u00e7\u00f5es que coletamos sobre voc\u00ea com informa\u00e7\u00f5es gerais ou dados de pesquisa que recebemos de outras fontes confi\u00e1veis.<\/p>\n\n\n\n<h4 class=\"wp-block-heading\">Seguran\u00e7a de suas informa\u00e7\u00f5es pessoais<\/h4>\n\n\n\n<p>Quando coletamos e processamos informa\u00e7\u00f5es pessoais, e enquanto retemos essas informa\u00e7\u00f5es, iremos proteg\u00ea-las dentro de meios comercialmente aceit\u00e1veis para evitar perda e roubo, bem como acesso, divulga\u00e7\u00e3o, c\u00f3pia, uso ou modifica\u00e7\u00e3o n\u00e3o autorizados.<\/p>\n\n\n\n<p>Embora fa\u00e7amos o nosso melhor para proteger as informa\u00e7\u00f5es pessoais que voc\u00ea nos fornece, informamos que nenhum m\u00e9todo de transmiss\u00e3o ou armazenamento eletr\u00f4nico \u00e9 100% seguro e ningu\u00e9m pode garantir a seguran\u00e7a absoluta dos dados. Cumpriremos as leis que nos s\u00e3o aplic\u00e1veis em rela\u00e7\u00e3o a qualquer viola\u00e7\u00e3o de dados.<\/p>\n\n\n\n<p>Voc\u00ea \u00e9 respons\u00e1vel por selecionar qualquer senha e sua for\u00e7a geral de seguran\u00e7a, garantindo a seguran\u00e7a de suas pr\u00f3prias informa\u00e7\u00f5es dentro dos limites de nossos servi\u00e7os.<\/p>\n\n\n\n<h4 class=\"wp-block-heading\">Por quanto tempo mantemos suas informa\u00e7\u00f5es pessoais<\/h4>\n\n\n\n<p>Mantemos suas informa\u00e7\u00f5es pessoais apenas pelo tempo que for necess\u00e1rio. Este per\u00edodo de tempo pode depender da finalidade para a qual utilizamos as suas informa\u00e7\u00f5es, de acordo com esta pol\u00edtica de privacidade. Se as suas informa\u00e7\u00f5es pessoais n\u00e3o forem mais necess\u00e1rias, iremos exclu\u00ed-las ou torn\u00e1-las an\u00f4nimas, removendo todos os detalhes que o identifiquem.<\/p>\n\n\n\n<p>No entanto, se necess\u00e1rio, poderemos reter as suas informa\u00e7\u00f5es pessoais para cumprir uma obriga\u00e7\u00e3o legal, contabil\u00edstica ou de comunica\u00e7\u00e3o ou para fins de arquivo de interesse p\u00fablico, para fins de investiga\u00e7\u00e3o cient\u00edfica ou hist\u00f3rica ou para fins estat\u00edsticos.<\/p>\n\n\n\n<h3 class=\"wp-block-heading\">Privacidade infantil<\/h3>\n\n\n\n<p>N\u00e3o destinamos nenhum dos nossos produtos ou servi\u00e7os diretamente a crian\u00e7as menores de 13 anos e n\u00e3o coletamos intencionalmente informa\u00e7\u00f5es pessoais sobre crian\u00e7as menores de 13 anos.<\/p>\n\n\n\n<h3 class=\"wp-block-heading\">Transfer\u00eancias Internacionais de Informa\u00e7\u00f5es Pessoais<\/h3>\n\n\n\n<p>As informa\u00e7\u00f5es pessoais que coletamos s\u00e3o armazenadas e\/ou processadas onde n\u00f3s ou nossos parceiros, afiliados e fornecedores terceirizados mantemos instala\u00e7\u00f5es. Esteja ciente de que os locais para os quais armazenamos, processamos ou transferimos suas informa\u00e7\u00f5es pessoais podem n\u00e3o ter as mesmas leis de prote\u00e7\u00e3o de dados do pa\u00eds onde voc\u00ea forneceu inicialmente as informa\u00e7\u00f5es. Se transferirmos as suas informa\u00e7\u00f5es pessoais para terceiros em outros pa\u00edses: (i) realizaremos essas transfer\u00eancias de acordo com os requisitos da lei aplic\u00e1vel; e (ii) protegeremos as informa\u00e7\u00f5es pessoais transferidas de acordo com esta pol\u00edtica de privacidade.<\/p>\n\n\n\n<h3 class=\"wp-block-heading\">Seus direitos e controle de suas informa\u00e7\u00f5es pessoais<\/h3>\n\n\n\n<p>Voc\u00ea sempre mant\u00e9m o direito de reter informa\u00e7\u00f5es pessoais de n\u00f3s, entendendo que sua experi\u00eancia em nosso site pode ser afetada. N\u00e3o iremos discriminar voc\u00ea por exercer qualquer um dos seus direitos sobre suas informa\u00e7\u00f5es pessoais. Se voc\u00ea nos fornecer informa\u00e7\u00f5es pessoais, voc\u00ea entende que iremos colet\u00e1-las, mant\u00ea-las, us\u00e1-las e divulg\u00e1-las de acordo com esta pol\u00edtica de privacidade. Voc\u00ea reserva-se o direito de solicitar detalhes de qualquer informa\u00e7\u00e3o pessoal que tenhamos sobre voc\u00ea.<\/p>\n\n\n\n<p>Se recebermos informa\u00e7\u00f5es pessoais sobre voc\u00ea de terceiros, iremos proteg\u00ea-las conforme estabelecido nesta pol\u00edtica de privacidade. Se voc\u00ea for um terceiro que fornece informa\u00e7\u00f5es pessoais sobre outra pessoa, voc\u00ea declara e garante que tem o consentimento dessa pessoa para nos fornecer as informa\u00e7\u00f5es pessoais.<\/p>\n\n\n\n<p>Se voc\u00ea concordou anteriormente com o uso de suas informa\u00e7\u00f5es pessoais para fins de marketing direto, poder\u00e1 mudar de ideia a qualquer momento. Forneceremos a voc\u00ea a capacidade de cancelar a assinatura de nosso banco de dados de e-mail ou cancelar o recebimento de comunica\u00e7\u00f5es. Esteja ciente de que poderemos precisar solicitar informa\u00e7\u00f5es espec\u00edficas suas para nos ajudar a confirmar sua identidade.<\/p>\n\n\n\n<p>Se voc\u00ea acredita que qualquer informa\u00e7\u00e3o que mantemos sobre voc\u00ea \u00e9 imprecisa, desatualizada, incompleta, irrelevante ou enganosa, entre em contato conosco usando os detalhes fornecidos nesta pol\u00edtica de privacidade. Tomaremos medidas razo\u00e1veis para corrigir qualquer informa\u00e7\u00e3o considerada imprecisa, incompleta, enganosa ou desatualizada.<\/p>\n\n\n\n<p>Se voc\u00ea acredita que violamos uma lei de prote\u00e7\u00e3o de dados relevante e deseja fazer uma reclama\u00e7\u00e3o, entre em contato conosco usando os detalhes abaixo e forne\u00e7a-nos detalhes completos da suposta viola\u00e7\u00e3o. Investigaremos imediatamente a sua reclama\u00e7\u00e3o e responderemos por escrito, estabelecendo o resultado da nossa investiga\u00e7\u00e3o e as medidas que tomaremos para lidar com a sua reclama\u00e7\u00e3o. Voc\u00ea tamb\u00e9m tem o direito de entrar em contato com um \u00f3rg\u00e3o regulador ou autoridade de prote\u00e7\u00e3o de dados em rela\u00e7\u00e3o \u00e0 sua reclama\u00e7\u00e3o.<\/p>\n\n\n\n<h3 class=\"wp-block-heading\">Uso de Cookies<\/h3>\n\n\n\n<p>Usamos \u201ccookies\u201d para coletar informa\u00e7\u00f5es sobre voc\u00ea e sua atividade em nosso site. Um cookie \u00e9 um pequeno peda\u00e7o de dados que nosso site armazena em seu computador e acessa cada vez que voc\u00ea o visita, para que possamos entender como voc\u00ea usa nosso site. Isso nos ajuda a servir conte\u00fado com base nas prefer\u00eancias que voc\u00ea especificou.<\/p>\n\n\n\n<h3 class=\"wp-block-heading\">Limites da nossa pol\u00edtica<\/h3>\n\n\n\n<p>Nosso site pode conter links para sites externos que n\u00e3o s\u00e3o operados por n\u00f3s. Esteja ciente de que n\u00e3o temos controle sobre o conte\u00fado e as pol\u00edticas desses sites e n\u00e3o podemos aceitar responsabilidade por suas respectivas pr\u00e1ticas de privacidade.<\/p>\n\n\n\n<h3 class=\"wp-block-heading\">Mudan\u00e7as nesta pol\u00edtica<\/h3>\n\n\n\n<p>A nosso crit\u00e9rio, poderemos alterar a nossa pol\u00edtica de privacidade para refletir atualiza\u00e7\u00f5es nos nossos processos comerciais, pr\u00e1ticas atuais aceit\u00e1veis ou altera\u00e7\u00f5es legislativas ou regulamentares. Caso decidamos alterar esta pol\u00edtica de privacidade, publicaremos as altera\u00e7\u00f5es aqui no mesmo link pelo qual voc\u00ea est\u00e1 acessando esta pol\u00edtica de privacidade.<\/p>\n\n\n\n<p>Se exigido por lei, obteremos sua permiss\u00e3o ou lhe daremos a oportunidade de aceitar ou cancelar, conforme aplic\u00e1vel, quaisquer novos usos de suas informa\u00e7\u00f5es pessoais.<\/p>\n\n\n\n<h3 class=\"wp-block-heading\">Contate-nos<\/h3>\n\n\n\n<p>Para quaisquer d\u00favidas ou preocupa\u00e7\u00f5es relacionadas \u00e0 sua privacidade, voc\u00ea pode entrar em contato conosco usando os seguintes dados:<\/p>\n\n\n\n<p>Frank Wu<br><a href=\"https:\/\/scafotech.com\/pt\/\" target=\"_blank\" rel=\"noopener\">https:\/\/scafotech.com\/<\/a><\/p>","protected":false},"excerpt":{"rendered":"<p>Your privacy is important to us. Scafotech&#8217;s policy is to respect your privacy and comply with any applicable law and regulation regarding any personal information we may collect about you, including across our website,\u00a0https:\/\/scafotech.com\/, and other sites we own and operate. This policy is effective as of 8 August 2021 and was last updated on [&hellip;]<\/p>\n","protected":false},"author":1,"featured_media":0,"parent":0,"menu_order":0,"comment_status":"closed","ping_status":"closed","template":"","meta":{"_seopress_robots_primary_cat":"","_seopress_titles_title":"Protecting Your Privacy: Scafotech's Commitment to Data Security","_seopress_titles_desc":"At Scafotech, your privacy is paramount. We adhere to strict privacy guidelines, ensuring the secure collection and use of your personal information. Learn more.","_seopress_robots_index":"","footnotes":""},"class_list":["post-1427","page","type-page","status-publish"],"_links":{"self":[{"href":"https:\/\/scafotech.com\/pt\/wp-json\/wp\/v2\/pages\/1427","targetHints":{"allow":["GET"]}}],"collection":[{"href":"https:\/\/scafotech.com\/pt\/wp-json\/wp\/v2\/pages"}],"about":[{"href":"https:\/\/scafotech.com\/pt\/wp-json\/wp\/v2\/types\/page"}],"author":[{"embeddable":true,"href":"https:\/\/scafotech.com\/pt\/wp-json\/wp\/v2\/users\/1"}],"replies":[{"embeddable":true,"href":"https:\/\/scafotech.com\/pt\/wp-json\/wp\/v2\/comments?post=1427"}],"version-history":[{"count":1,"href":"https:\/\/scafotech.com\/pt\/wp-json\/wp\/v2\/pages\/1427\/revisions"}],"predecessor-version":[{"id":3023,"href":"https:\/\/scafotech.com\/pt\/wp-json\/wp\/v2\/pages\/1427\/revisions\/3023"}],"wp:attachment":[{"href":"https:\/\/scafotech.com\/pt\/wp-json\/wp\/v2\/media?parent=1427"}],"curies":[{"name":"wp","href":"https:\/\/api.w.org\/{rel}","templated":true}]}}