{"id":25,"date":"2023-03-12T15:33:03","date_gmt":"2023-03-12T07:33:03","guid":{"rendered":"https:\/\/scafotech.com\/?page_id=25"},"modified":"2023-05-21T00:16:42","modified_gmt":"2023-05-20T16:16:42","slug":"services","status":"publish","type":"page","link":"https:\/\/scafotech.com\/it\/services\/","title":{"rendered":"Servizi"},"content":{"rendered":"<div data-elementor-type=\"wp-page\" data-elementor-id=\"25\" class=\"elementor elementor-25\" data-elementor-post-type=\"page\">\n\t\t\t\t\t\t<section class=\"elementor-section elementor-top-section elementor-element elementor-element-2b48a051 custom-ele-section-css elementor-section-boxed elementor-section-height-default elementor-section-height-default\" data-id=\"2b48a051\" data-element_type=\"section\" data-e-type=\"section\">\n\t\t\t\t\t\t<div class=\"elementor-container elementor-column-gap-default\">\n\t\t\t\t\t<div class=\"elementor-column elementor-col-100 elementor-top-column elementor-element elementor-element-4809c2a0 elementor-invisible\" data-id=\"4809c2a0\" data-element_type=\"column\" data-e-type=\"column\" data-settings=\"{&quot;animation&quot;:&quot;zoomIn&quot;}\">\n\t\t\t<div class=\"elementor-widget-wrap elementor-element-populated\">\n\t\t\t\t\t\t<div class=\"elementor-element elementor-element-6b95d8e6 elementor-widget elementor-widget-heading\" data-id=\"6b95d8e6\" data-element_type=\"widget\" data-e-type=\"widget\" data-widget_type=\"heading.default\">\n\t\t\t\t<div class=\"elementor-widget-container\">\n\t\t\t\t\t<p class=\"elementor-heading-title elementor-size-default\">Servizi<\/p>\t\t\t\t<\/div>\n\t\t\t\t<\/div>\n\t\t\t\t<div class=\"elementor-element elementor-element-241a5c5 elementor-widget elementor-widget-heading\" data-id=\"241a5c5\" data-element_type=\"widget\" data-e-type=\"widget\" data-widget_type=\"heading.default\">\n\t\t\t\t<div class=\"elementor-widget-container\">\n\t\t\t\t\t<h1 class=\"elementor-heading-title elementor-size-default\">Cosa facciamo<\/h1>\t\t\t\t<\/div>\n\t\t\t\t<\/div>\n\t\t\t\t<div class=\"elementor-element elementor-element-20596936 elementor-widget elementor-widget-text-editor\" data-id=\"20596936\" data-element_type=\"widget\" data-e-type=\"widget\" data-widget_type=\"text-editor.default\">\n\t\t\t\t<div class=\"elementor-widget-container\">\n\t\t\t\t\t\t\t\t\t<p>Fornire soluzioni complete di ponteggi per le vostre esigenze di costruzione<\/p>\t\t\t\t\t\t\t\t<\/div>\n\t\t\t\t<\/div>\n\t\t\t\t\t<\/div>\n\t\t<\/div>\n\t\t\t\t\t<\/div>\n\t\t<\/section>\n\t\t\t\t<section class=\"elementor-section elementor-top-section elementor-element elementor-element-761404f custom-ele-section-css elementor-section-boxed elementor-section-height-default elementor-section-height-default\" data-id=\"761404f\" data-element_type=\"section\" data-e-type=\"section\">\n\t\t\t\t\t\t<div class=\"elementor-container elementor-column-gap-default\">\n\t\t\t\t\t<div class=\"elementor-column elementor-col-50 elementor-top-column elementor-element elementor-element-15e6fd55 elementor-invisible\" data-id=\"15e6fd55\" data-element_type=\"column\" data-e-type=\"column\" data-settings=\"{&quot;animation&quot;:&quot;fadeInLeft&quot;}\">\n\t\t\t<div class=\"elementor-widget-wrap elementor-element-populated\">\n\t\t\t\t\t\t<div class=\"elementor-element elementor-element-122668a2 elementor-widget elementor-widget-heading\" data-id=\"122668a2\" data-element_type=\"widget\" data-e-type=\"widget\" data-widget_type=\"heading.default\">\n\t\t\t\t<div class=\"elementor-widget-container\">\n\t\t\t\t\t<p class=\"elementor-heading-title elementor-size-default\">Servizi che forniamo<\/p>\t\t\t\t<\/div>\n\t\t\t\t<\/div>\n\t\t\t\t<div class=\"elementor-element elementor-element-4936e5c8 elementor-widget elementor-widget-heading\" data-id=\"4936e5c8\" data-element_type=\"widget\" data-e-type=\"widget\" data-widget_type=\"heading.default\">\n\t\t\t\t<div class=\"elementor-widget-container\">\n\t\t\t\t\t<h3 class=\"elementor-heading-title elementor-size-default\">Servizi di appalto professionali per le vostre esigenze di costruzione<\/h3>\t\t\t\t<\/div>\n\t\t\t\t<\/div>\n\t\t\t\t<div class=\"elementor-element elementor-element-46564dfa elementor-widget elementor-widget-text-editor\" data-id=\"46564dfa\" data-element_type=\"widget\" data-e-type=\"widget\" data-widget_type=\"text-editor.default\">\n\t\t\t\t<div class=\"elementor-widget-container\">\n\t\t\t\t\t\t\t\t\t<p>Scopri la differenza del servizio ScafoTech: dalla consulenza sulla progettazione alla produzione su misura, i nostri servizi professionali coprono ogni aspetto del tuo progetto di costruzione. Armato di profonde competenze e competenze nel settore, il nostro team \u00e8 pronto a creare soluzioni di qualit\u00e0 superiore, perfettamente in sintonia con le esigenze specifiche del tuo progetto.<\/p>\t\t\t\t\t\t\t\t<\/div>\n\t\t\t\t<\/div>\n\t\t\t\t<div class=\"elementor-element elementor-element-30c34d22 elementor-widget elementor-widget-text-editor\" data-id=\"30c34d22\" data-element_type=\"widget\" data-e-type=\"widget\" data-widget_type=\"text-editor.default\">\n\t\t\t\t<div class=\"elementor-widget-container\">\n\t\t\t\t\t\t\t\t\t<p>Oltre alla produzione, ScafoTech estende i propri servizi alle vendite, al supporto tecnico e alla formazione specializzata, consolidando il percorso verso il successo del vostro progetto. Abbi fiducia nel nostro impegno per la professionalit\u00e0 e l&#039;eccellenza mentre ci impegniamo a ridefinire gli standard del settore dei ponteggi e la tua esperienza di costruzione.<\/p>\t\t\t\t\t\t\t\t<\/div>\n\t\t\t\t<\/div>\n\t\t\t\t<div class=\"elementor-element elementor-element-429cd603 elementor-tablet-align-center elementor-widget elementor-widget-button\" data-id=\"429cd603\" data-element_type=\"widget\" data-e-type=\"widget\" data-widget_type=\"button.default\">\n\t\t\t\t<div class=\"elementor-widget-container\">\n\t\t\t\t\t\t\t\t\t<div class=\"elementor-button-wrapper\">\n\t\t\t\t\t<a class=\"elementor-button elementor-button-link elementor-size-sm\" href=\"#elementor-action%3Aaction%3Dpopup%3Aopen%26settings%3DeyJpZCI6IjM1MiIsInRvZ2dsZSI6ZmFsc2V9\">\n\t\t\t\t\t\t<span class=\"elementor-button-content-wrapper\">\n\t\t\t\t\t\t<span class=\"elementor-button-icon\">\n\t\t\t\t<i aria-hidden=\"true\" class=\"fas fa-arrow-right\"><\/i>\t\t\t<\/span>\n\t\t\t\t\t\t\t\t\t<span class=\"elementor-button-text\">Crea un progetto<\/span>\n\t\t\t\t\t<\/span>\n\t\t\t\t\t<\/a>\n\t\t\t\t<\/div>\n\t\t\t\t\t\t\t\t<\/div>\n\t\t\t\t<\/div>\n\t\t\t\t\t<\/div>\n\t\t<\/div>\n\t\t\t\t<div class=\"elementor-column elementor-col-50 elementor-top-column elementor-element elementor-element-6e5d6d1b elementor-invisible\" data-id=\"6e5d6d1b\" data-element_type=\"column\" data-e-type=\"column\" data-settings=\"{&quot;animation&quot;:&quot;fadeInRight&quot;}\">\n\t\t\t<div class=\"elementor-widget-wrap elementor-element-populated\">\n\t\t\t\t\t\t<div class=\"elementor-element elementor-element-3de1fb22 elementor-widget elementor-widget-image\" data-id=\"3de1fb22\" data-element_type=\"widget\" data-e-type=\"widget\" data-widget_type=\"image.default\">\n\t\t\t\t<div class=\"elementor-widget-container\">\n\t\t\t\t\t\t\t\t\t\t\t\t\t\t\t<img decoding=\"async\" src=\"https:\/\/scafotech.com\/wp-content\/uploads\/elementor\/thumbs\/formwork-for-concrete-on-the-structure-q4bxc60s82yz5pzm6znvn871xra96pba1l1ez4k38w.jpg\" title=\"Cassaforma per calcestruzzo sulla struttura\" alt=\"Cassaforma per calcestruzzo sulla struttura\" loading=\"lazy\" \/>\t\t\t\t\t\t\t\t\t\t\t\t\t\t\t<\/div>\n\t\t\t\t<\/div>\n\t\t\t\t\t<\/div>\n\t\t<\/div>\n\t\t\t\t\t<\/div>\n\t\t<\/section>\n\t\t\t\t<section class=\"elementor-section elementor-top-section elementor-element elementor-element-df5c49 custom-ele-section-css elementor-section-boxed elementor-section-height-default elementor-section-height-default\" data-id=\"df5c49\" data-element_type=\"section\" data-e-type=\"section\">\n\t\t\t\t\t\t<div class=\"elementor-container elementor-column-gap-default\">\n\t\t\t\t\t<div class=\"elementor-column elementor-col-100 elementor-top-column elementor-element elementor-element-2490eb4e elementor-invisible\" data-id=\"2490eb4e\" data-element_type=\"column\" data-e-type=\"column\" data-settings=\"{&quot;animation&quot;:&quot;fadeInUp&quot;}\">\n\t\t\t<div class=\"elementor-widget-wrap elementor-element-populated\">\n\t\t\t\t\t\t<section class=\"elementor-section elementor-inner-section elementor-element elementor-element-4681a1eb elementor-section-boxed elementor-section-height-default elementor-section-height-default\" data-id=\"4681a1eb\" data-element_type=\"section\" data-e-type=\"section\">\n\t\t\t\t\t\t<div class=\"elementor-container elementor-column-gap-default\">\n\t\t\t\t\t<div class=\"elementor-column elementor-col-33 elementor-inner-column elementor-element elementor-element-a8ce22b\" data-id=\"a8ce22b\" data-element_type=\"column\" data-e-type=\"column\">\n\t\t\t<div class=\"elementor-widget-wrap elementor-element-populated\">\n\t\t\t\t\t\t<div class=\"elementor-element elementor-element-6caa0c0d elementor-position-top elementor-widget elementor-widget-image-box\" data-id=\"6caa0c0d\" data-element_type=\"widget\" data-e-type=\"widget\" data-widget_type=\"image-box.default\">\n\t\t\t\t<div class=\"elementor-widget-container\">\n\t\t\t\t\t<div class=\"elementor-image-box-wrapper\"><figure class=\"elementor-image-box-img\"><img fetchpriority=\"high\" decoding=\"async\" width=\"2000\" height=\"1390\" src=\"https:\/\/scafotech.com\/wp-content\/uploads\/2023\/03\/architect-handshake-and-thank-you-for-construction-blueprint-and-collaboration-on-building-design.jpg\" class=\"attachment-full size-full wp-image-693\" alt=\"Architetto, stretta di mano e grazie per la costruzione, il progetto e la collaborazione nella progettazione dell&#039;edificio\" srcset=\"https:\/\/scafotech.com\/wp-content\/uploads\/2023\/03\/architect-handshake-and-thank-you-for-construction-blueprint-and-collaboration-on-building-design.jpg 2000w, https:\/\/scafotech.com\/wp-content\/uploads\/2023\/03\/architect-handshake-and-thank-you-for-construction-blueprint-and-collaboration-on-building-design-300x209.jpg 300w, https:\/\/scafotech.com\/wp-content\/uploads\/2023\/03\/architect-handshake-and-thank-you-for-construction-blueprint-and-collaboration-on-building-design-1024x712.jpg 1024w, https:\/\/scafotech.com\/wp-content\/uploads\/2023\/03\/architect-handshake-and-thank-you-for-construction-blueprint-and-collaboration-on-building-design-768x534.jpg 768w, https:\/\/scafotech.com\/wp-content\/uploads\/2023\/03\/architect-handshake-and-thank-you-for-construction-blueprint-and-collaboration-on-building-design-1536x1068.jpg 1536w\" sizes=\"(max-width: 2000px) 100vw, 2000px\" \/><\/figure><div class=\"elementor-image-box-content\"><h5 class=\"elementor-image-box-title\">Progettazione e Consulenza<\/h5><p class=\"elementor-image-box-description\">Il nostro team esperto fornisce servizi di consulenza e progettazione di impalcature e casseforme esperti per garantire il successo del vostro progetto di costruzione. Dalla progettazione alla gestione della costruzione, lavoriamo a stretto contatto con voi per fornire soluzioni su misura per soddisfare le vostre esigenze specifiche.<br><\/p><\/div><\/div>\t\t\t\t<\/div>\n\t\t\t\t<\/div>\n\t\t\t\t<div class=\"elementor-element elementor-element-71da8b9b elementor-position-top elementor-widget elementor-widget-image-box\" data-id=\"71da8b9b\" data-element_type=\"widget\" data-e-type=\"widget\" data-widget_type=\"image-box.default\">\n\t\t\t\t<div class=\"elementor-widget-container\">\n\t\t\t\t\t<div class=\"elementor-image-box-wrapper\"><figure class=\"elementor-image-box-img\"><img decoding=\"async\" width=\"2000\" height=\"1253\" src=\"https:\/\/scafotech.com\/wp-content\/uploads\/2023\/03\/construction.jpg\" class=\"attachment-full size-full wp-image-695\" alt=\"costruzione\" srcset=\"https:\/\/scafotech.com\/wp-content\/uploads\/2023\/03\/construction.jpg 2000w, https:\/\/scafotech.com\/wp-content\/uploads\/2023\/03\/construction-300x188.jpg 300w, https:\/\/scafotech.com\/wp-content\/uploads\/2023\/03\/construction-1024x642.jpg 1024w, https:\/\/scafotech.com\/wp-content\/uploads\/2023\/03\/construction-768x481.jpg 768w, https:\/\/scafotech.com\/wp-content\/uploads\/2023\/03\/construction-1536x962.jpg 1536w\" sizes=\"(max-width: 2000px) 100vw, 2000px\" \/><\/figure><div class=\"elementor-image-box-content\"><h5 class=\"elementor-image-box-title\">Competenze tecniche e formazione<\/h5><p class=\"elementor-image-box-description\">Offriamo competenze tecniche complete e programmi di formazione per garantire che il vostro team sia dotato delle conoscenze e delle competenze necessarie per completare con successo il vostro progetto. I nostri programmi di formazione sono progettati per soddisfare le esigenze specifiche del tuo team e possono essere personalizzati in base al tuo programma.<\/p><\/div><\/div>\t\t\t\t<\/div>\n\t\t\t\t<\/div>\n\t\t\t\t\t<\/div>\n\t\t<\/div>\n\t\t\t\t<div class=\"elementor-column elementor-col-33 elementor-inner-column elementor-element elementor-element-518e851b\" data-id=\"518e851b\" data-element_type=\"column\" data-e-type=\"column\">\n\t\t\t<div class=\"elementor-widget-wrap elementor-element-populated\">\n\t\t\t\t\t\t<div class=\"elementor-element elementor-element-781ebecc elementor-position-top elementor-widget elementor-widget-image-box\" data-id=\"781ebecc\" data-element_type=\"widget\" data-e-type=\"widget\" data-widget_type=\"image-box.default\">\n\t\t\t\t<div class=\"elementor-widget-container\">\n\t\t\t\t\t<div class=\"elementor-image-box-wrapper\"><figure class=\"elementor-image-box-img\"><img decoding=\"async\" width=\"800\" height=\"600\" src=\"https:\/\/scafotech.com\/wp-content\/uploads\/2023\/03\/why-choose-us_04.jpg\" class=\"attachment-2048x2048 size-2048x2048 wp-image-339\" alt=\"\" srcset=\"https:\/\/scafotech.com\/wp-content\/uploads\/2023\/03\/why-choose-us_04.jpg 800w, https:\/\/scafotech.com\/wp-content\/uploads\/2023\/03\/why-choose-us_04-300x225.jpg 300w, https:\/\/scafotech.com\/wp-content\/uploads\/2023\/03\/why-choose-us_04-768x576.jpg 768w\" sizes=\"(max-width: 800px) 100vw, 800px\" \/><\/figure><div class=\"elementor-image-box-content\"><h5 class=\"elementor-image-box-title\">Personalizzazione e Produzione<\/h5><p class=\"elementor-image-box-description\">Il nostro impianto di produzione all&#039;avanguardia ci consente di fornire soluzioni di ponteggi personalizzate per soddisfare le vostre esigenze specifiche. Utilizziamo solo materiali di altissima qualit\u00e0 e tecnologia all&#039;avanguardia per garantire la durata e la longevit\u00e0 dei nostri prodotti.<\/p><\/div><\/div>\t\t\t\t<\/div>\n\t\t\t\t<\/div>\n\t\t\t\t<div class=\"elementor-element elementor-element-7a269f3b elementor-position-top elementor-widget elementor-widget-image-box\" data-id=\"7a269f3b\" data-element_type=\"widget\" data-e-type=\"widget\" data-widget_type=\"image-box.default\">\n\t\t\t\t<div class=\"elementor-widget-container\">\n\t\t\t\t\t<div class=\"elementor-image-box-wrapper\"><figure class=\"elementor-image-box-img\"><img loading=\"lazy\" decoding=\"async\" width=\"969\" height=\"726\" src=\"https:\/\/scafotech.com\/wp-content\/uploads\/2023\/03\/000.jpg\" class=\"attachment-full size-full wp-image-340\" alt=\"test sui ponteggi\" srcset=\"https:\/\/scafotech.com\/wp-content\/uploads\/2023\/03\/000.jpg 969w, https:\/\/scafotech.com\/wp-content\/uploads\/2023\/03\/000-300x225.jpg 300w, https:\/\/scafotech.com\/wp-content\/uploads\/2023\/03\/000-768x575.jpg 768w\" sizes=\"(max-width: 969px) 100vw, 969px\" \/><\/figure><div class=\"elementor-image-box-content\"><h5 class=\"elementor-image-box-title\">Test<\/h5><p class=\"elementor-image-box-description\">I nostri prodotti sono sottoposti a test rigorosi per garantire che soddisfino i pi\u00f9 elevati standard di settore in termini di sicurezza e qualit\u00e0. Abbiamo il nostro laboratorio e varie macchine di prova. Inoltre utilizziamo le tecnologie e i metodi di test pi\u00f9 recenti per garantire che i nostri prodotti soddisfino o superino le vostre aspettative.<\/p><\/div><\/div>\t\t\t\t<\/div>\n\t\t\t\t<\/div>\n\t\t\t\t\t<\/div>\n\t\t<\/div>\n\t\t\t\t<div class=\"elementor-column elementor-col-33 elementor-inner-column elementor-element elementor-element-ed1a60c\" data-id=\"ed1a60c\" data-element_type=\"column\" data-e-type=\"column\">\n\t\t\t<div class=\"elementor-widget-wrap elementor-element-populated\">\n\t\t\t\t\t\t<div class=\"elementor-element elementor-element-5738ca24 elementor-position-top elementor-widget elementor-widget-image-box\" data-id=\"5738ca24\" data-element_type=\"widget\" data-e-type=\"widget\" data-widget_type=\"image-box.default\">\n\t\t\t\t<div class=\"elementor-widget-container\">\n\t\t\t\t\t<div class=\"elementor-image-box-wrapper\"><figure class=\"elementor-image-box-img\"><img loading=\"lazy\" decoding=\"async\" width=\"2048\" height=\"1365\" src=\"https:\/\/scafotech.com\/wp-content\/uploads\/2023\/03\/20121123-012-2048x1365.jpg\" class=\"attachment-2048x2048 size-2048x2048 wp-image-335\" alt=\"consegna ponteggi\" srcset=\"https:\/\/scafotech.com\/wp-content\/uploads\/2023\/03\/20121123-012-2048x1365.jpg 2048w, https:\/\/scafotech.com\/wp-content\/uploads\/2023\/03\/20121123-012-300x200.jpg 300w, https:\/\/scafotech.com\/wp-content\/uploads\/2023\/03\/20121123-012-1024x683.jpg 1024w, https:\/\/scafotech.com\/wp-content\/uploads\/2023\/03\/20121123-012-768x512.jpg 768w, https:\/\/scafotech.com\/wp-content\/uploads\/2023\/03\/20121123-012-1536x1024.jpg 1536w\" sizes=\"(max-width: 2048px) 100vw, 2048px\" \/><\/figure><div class=\"elementor-image-box-content\"><h5 class=\"elementor-image-box-title\"><br>Saldi<\/h5><p class=\"elementor-image-box-description\">Il nostro team di vendita esperto \u00e8 dedicato a fornire il miglior servizio e supporto per i ponteggi ai clienti. Lavoriamo con voi per comprendere le vostre esigenze e fornire le giuste soluzioni di ponteggio per soddisfare il vostro budget e i vostri tempi.<br><br><\/p><\/div><\/div>\t\t\t\t<\/div>\n\t\t\t\t<\/div>\n\t\t\t\t<div class=\"elementor-element elementor-element-4d5906d4 elementor-position-top elementor-widget elementor-widget-image-box\" data-id=\"4d5906d4\" data-element_type=\"widget\" data-e-type=\"widget\" data-widget_type=\"image-box.default\">\n\t\t\t\t<div class=\"elementor-widget-container\">\n\t\t\t\t\t<div class=\"elementor-image-box-wrapper\"><figure class=\"elementor-image-box-img\"><img loading=\"lazy\" decoding=\"async\" width=\"2425\" height=\"1362\" src=\"https:\/\/scafotech.com\/wp-content\/uploads\/2023\/03\/57d0951cfa30559e7364b4b070a3345.jpg\" class=\"attachment-full size-full wp-image-272\" alt=\"Ponteggi Ringlock per la costruzione e la manutenzione navale.\" srcset=\"https:\/\/scafotech.com\/wp-content\/uploads\/2023\/03\/57d0951cfa30559e7364b4b070a3345.jpg 2425w, https:\/\/scafotech.com\/wp-content\/uploads\/2023\/03\/57d0951cfa30559e7364b4b070a3345-300x168.jpg 300w, https:\/\/scafotech.com\/wp-content\/uploads\/2023\/03\/57d0951cfa30559e7364b4b070a3345-1024x575.jpg 1024w, https:\/\/scafotech.com\/wp-content\/uploads\/2023\/03\/57d0951cfa30559e7364b4b070a3345-768x431.jpg 768w, https:\/\/scafotech.com\/wp-content\/uploads\/2023\/03\/57d0951cfa30559e7364b4b070a3345-1536x863.jpg 1536w, https:\/\/scafotech.com\/wp-content\/uploads\/2023\/03\/57d0951cfa30559e7364b4b070a3345-2048x1150.jpg 2048w\" sizes=\"(max-width: 2425px) 100vw, 2425px\" \/><\/figure><div class=\"elementor-image-box-content\"><h5 class=\"elementor-image-box-title\">Servizi contraenti<\/h5><p class=\"elementor-image-box-description\">La nostra azienda offre servizi professionali di appalto per progetti di costruzione. Dalla progettazione e consulenza alla personalizzazione e alla produzione, il nostro team fornisce soluzioni complete per soddisfare le vostre esigenze specifiche. Con esperienza nei test e nel controllo qualit\u00e0, garantiamo il massimo livello di prestazioni e sicurezza. Affidati a noi perch\u00e9 saremo il tuo partner affidabile per tutte le tue esigenze contrattuali.<\/p><\/div><\/div>\t\t\t\t<\/div>\n\t\t\t\t<\/div>\n\t\t\t\t\t<\/div>\n\t\t<\/div>\n\t\t\t\t\t<\/div>\n\t\t<\/section>\n\t\t\t\t\t<\/div>\n\t\t<\/div>\n\t\t\t\t\t<\/div>\n\t\t<\/section>\n\t\t\t\t<\/div>","protected":false},"excerpt":{"rendered":"<p>Services What We Do Providing Comprehensive Scaffolding Solutions for Your Construction Needs Services we provide Professional Contracting Services for Your Construction Needs Experience the ScafoTech service difference: From design consultation to bespoke production, our professional contracting services envelop every aspect of your construction project. Armed with deep industry expertise and skills, our team stands ready [&hellip;]<\/p>\n","protected":false},"author":1,"featured_media":0,"parent":0,"menu_order":0,"comment_status":"closed","ping_status":"closed","template":"","meta":{"_seopress_robots_primary_cat":"","_seopress_titles_title":"","_seopress_titles_desc":"","_seopress_robots_index":"","footnotes":""},"class_list":["post-25","page","type-page","status-publish"],"_links":{"self":[{"href":"https:\/\/scafotech.com\/it\/wp-json\/wp\/v2\/pages\/25","targetHints":{"allow":["GET"]}}],"collection":[{"href":"https:\/\/scafotech.com\/it\/wp-json\/wp\/v2\/pages"}],"about":[{"href":"https:\/\/scafotech.com\/it\/wp-json\/wp\/v2\/types\/page"}],"author":[{"embeddable":true,"href":"https:\/\/scafotech.com\/it\/wp-json\/wp\/v2\/users\/1"}],"replies":[{"embeddable":true,"href":"https:\/\/scafotech.com\/it\/wp-json\/wp\/v2\/comments?post=25"}],"version-history":[{"count":0,"href":"https:\/\/scafotech.com\/it\/wp-json\/wp\/v2\/pages\/25\/revisions"}],"wp:attachment":[{"href":"https:\/\/scafotech.com\/it\/wp-json\/wp\/v2\/media?parent=25"}],"curies":[{"name":"parola chiave","href":"https:\/\/api.w.org\/{rel}","templated":true}]}}