{"id":2149,"date":"2023-05-26T00:10:08","date_gmt":"2023-05-25T16:10:08","guid":{"rendered":"https:\/\/scafotech.com\/?page_id=2149"},"modified":"2023-05-26T00:10:09","modified_gmt":"2023-05-25T16:10:09","slug":"scafotech-terms-conditions","status":"publish","type":"page","link":"https:\/\/scafotech.com\/it\/scafotech-terms-conditions\/","title":{"rendered":"Termini e condizioni di ScafoTech"},"content":{"rendered":"<ol class=\"wp-block-list\">\n<li><strong>introduzione<\/strong><\/li>\n<\/ol>\n\n\n\n<p>I presenti termini e condizioni (\u201cTermini\u201d) regolano il rapporto tra te (\u201cCliente\u201d) e ScafoTech (\u201cAzienda\u201d, \u201cNoi\u201d, \u201cCi\u201d), una societ\u00e0 di produzione B2B con sede a Jiangsu, Cina. Acquistando prodotti o servizi da ScafoTech, accetti di essere vincolato dai presenti Termini.<\/p>\n\n\n\n<ol class=\"wp-block-list\" start=\"2\">\n<li><strong>Ordinazione e consegna<\/strong><\/li>\n<\/ol>\n\n\n\n<p>2.1 I clienti possono effettuare ordini per i nostri prodotti tramite il nostro sito Web, e-mail o qualsiasi altro canale di comunicazione approvato.<\/p>\n\n\n\n<p>2.2 I nostri prodotti vengono consegnati in tutto il mondo. Il programma di consegna verr\u00e0 comunicato al cliente una volta confermato l&#039;ordine.<\/p>\n\n\n\n<p>2.3 Diamo priorit\u00e0 a consegne rapide e puntuali. Tuttavia, in caso di circostanze impreviste, l&#039;azienda si riserva il diritto di riprogrammare le date di consegna.<\/p>\n\n\n\n<ol class=\"wp-block-list\" start=\"3\">\n<li><strong>Termini di pagamento<\/strong><\/li>\n<\/ol>\n\n\n\n<p>3.1 ScafoTech accetta pagamenti tramite T\/T (trasferimento telegrafico) e L\/C (lettera di credito).<\/p>\n\n\n\n<p>3.2 Al momento dell&#039;ordine \u00e8 richiesto un deposito 30% dell&#039;importo totale. Il saldo rimanente del 70% dovr\u00e0 essere pagato al ricevimento della copia della polizza di carico.<\/p>\n\n\n\n<p>3.3 Eventuali ritardi nei pagamenti potrebbero comportare ritardi nella consegna e ritardi persistenti potrebbero comportare la risoluzione del rapporto commerciale.<\/p>\n\n\n\n<ol class=\"wp-block-list\" start=\"4\">\n<li><strong>Qualit\u00e0 e Garanzia<\/strong><\/li>\n<\/ol>\n\n\n\n<p>4.1 ScafoTech si impegna a fornire prodotti di alta qualit\u00e0. Tutti i nostri prodotti sono certificati TUV, SGS, OSHA e ANIS, garantendo che soddisfino gli standard internazionali di sicurezza e qualit\u00e0.<\/p>\n\n\n\n<p>4.2 Offriamo una garanzia sui nostri prodotti per un periodo specificato al momento dell&#039;acquisto. Questa garanzia copre i difetti di materiale e di lavorazione ma non copre i danni dovuti a uso improprio o negligenza.<\/p>\n\n\n\n<ol class=\"wp-block-list\" start=\"5\">\n<li><strong>Prodotti personalizzati<\/strong><\/li>\n<\/ol>\n\n\n\n<p>5.1 Forniamo soluzioni personalizzate per soddisfare le esigenze specifiche dei nostri clienti. L&#039;entit\u00e0 ed i termini della personalizzazione verranno concordati al momento dell&#039;ordine.<\/p>\n\n\n\n<p>5.2 Una volta confermato un ordine personalizzato, potrebbe non essere possibile apportare modifiche o cancellazioni.<\/p>\n\n\n\n<ol class=\"wp-block-list\" start=\"6\">\n<li><strong>Assistenza clienti<\/strong><\/li>\n<\/ol>\n\n\n\n<p>6.1 ScafoTech \u00e8 orgoglioso di un servizio clienti eccezionale. Il nostro obiettivo \u00e8 risolvere eventuali problemi o controversie nel modo pi\u00f9 rapido ed equo possibile.<\/p>\n\n\n\n<p>6.2 Eventuali reclami o controversie devono essere indirizzati al nostro team di assistenza clienti tramite i dettagli di contatto ufficiali forniti sul nostro sito web.<\/p>\n\n\n\n<ol class=\"wp-block-list\" start=\"7\">\n<li><strong>Modifiche ai Termini<\/strong><\/li>\n<\/ol>\n\n\n\n<p>7.1 ScafoTech si riserva il diritto di modificare le presenti Condizioni in qualsiasi momento. Le modifiche entreranno in vigore immediatamente dopo la pubblicazione sul nostro sito web.<\/p>\n\n\n\n<ol class=\"wp-block-list\" start=\"8\">\n<li><strong>Legge governativa<\/strong><\/li>\n<\/ol>\n\n\n\n<p>8.1 I presenti Termini saranno regolati e interpretati in conformit\u00e0 con le leggi di Jiangsu, Cina.<\/p>\n\n\n\n<p>Assicurati di leggere e comprendere i presenti Termini prima di effettuare un ordine con ScafoTech. L&#039;effettuazione di un ordine indica l&#039;accettazione dei presenti Termini.<\/p>","protected":false},"excerpt":{"rendered":"<p>These terms and conditions (&#8220;Terms&#8221;) govern the relationship between you (&#8220;Customer&#8221;) and ScafoTech (&#8220;Company&#8221;, &#8220;We&#8221;, &#8220;Us&#8221;), a B2B manufacturing company headquartered in Jiangsu, China. By purchasing products or services from ScafoTech, you agree to be bound by these Terms. 2.1 Customers may place orders for our products through our website, email, or any other approved [&hellip;]<\/p>\n","protected":false},"author":1,"featured_media":0,"parent":0,"menu_order":0,"comment_status":"closed","ping_status":"closed","template":"","meta":{"_seopress_robots_primary_cat":"","_seopress_titles_title":"","_seopress_titles_desc":"","_seopress_robots_index":"","footnotes":""},"class_list":["post-2149","page","type-page","status-publish"],"_links":{"self":[{"href":"https:\/\/scafotech.com\/it\/wp-json\/wp\/v2\/pages\/2149","targetHints":{"allow":["GET"]}}],"collection":[{"href":"https:\/\/scafotech.com\/it\/wp-json\/wp\/v2\/pages"}],"about":[{"href":"https:\/\/scafotech.com\/it\/wp-json\/wp\/v2\/types\/page"}],"author":[{"embeddable":true,"href":"https:\/\/scafotech.com\/it\/wp-json\/wp\/v2\/users\/1"}],"replies":[{"embeddable":true,"href":"https:\/\/scafotech.com\/it\/wp-json\/wp\/v2\/comments?post=2149"}],"version-history":[{"count":1,"href":"https:\/\/scafotech.com\/it\/wp-json\/wp\/v2\/pages\/2149\/revisions"}],"predecessor-version":[{"id":2150,"href":"https:\/\/scafotech.com\/it\/wp-json\/wp\/v2\/pages\/2149\/revisions\/2150"}],"wp:attachment":[{"href":"https:\/\/scafotech.com\/it\/wp-json\/wp\/v2\/media?parent=2149"}],"curies":[{"name":"parola chiave","href":"https:\/\/api.w.org\/{rel}","templated":true}]}}