{"id":1427,"date":"2023-04-25T16:46:59","date_gmt":"2023-04-25T08:46:59","guid":{"rendered":"https:\/\/scafotech.com\/?page_id=1427"},"modified":"2024-06-17T10:33:51","modified_gmt":"2024-06-17T02:33:51","slug":"privacy-policy","status":"publish","type":"page","link":"https:\/\/scafotech.com\/it\/privacy-policy\/","title":{"rendered":"politica sulla riservatezza"},"content":{"rendered":"<p>La tua privacy \u00e8 importante per noi. La politica di Scafotech \u00e8 quella di rispettare la tua privacy e di conformarsi a qualsiasi legge e regolamento applicabile in merito a qualsiasi informazione personale che potremmo raccogliere su di te, anche attraverso il nostro sito web,\u00a0<a href=\"https:\/\/scafotech.com\/it\/\">https:\/\/scafotech.com\/<\/a>e altri siti che possediamo e gestiamo.<\/p>\n\n\n\n<p>Questa politica \u00e8 in vigore dall&#039;8 agosto 2021 ed \u00e8 stata aggiornata l&#039;ultima volta l&#039;8 agosto 2021.<\/p>\n\n\n\n<h3 class=\"wp-block-heading\">Informazioni che raccogliamo<\/h3>\n\n\n\n<p>Le informazioni che raccogliamo includono sia le informazioni che ci fornisci consapevolmente e attivamente quando utilizzi o partecipi a uno qualsiasi dei nostri servizi e promozioni, sia qualsiasi informazione inviata automaticamente dai tuoi dispositivi durante l&#039;accesso ai nostri prodotti e servizi.<\/p>\n\n\n\n<h4 class=\"wp-block-heading\">Registra dati<\/h4>\n\n\n\n<p>Quando visiti il nostro sito web, i nostri server possono registrare automaticamente i dati standard forniti dal tuo browser web. Potrebbe includere l&#039;indirizzo IP (protocollo Internet) del tuo dispositivo, il tipo e la versione del browser, le pagine che visiti, l&#039;ora e la data della tua visita, il tempo trascorso su ciascuna pagina, altri dettagli sulla tua visita e dettagli tecnici che si verificano in insieme agli eventuali errori che potresti riscontrare.<\/p>\n\n\n\n<p>Tieni presente che, sebbene queste informazioni di per s\u00e9 potrebbero non identificare personalmente, potrebbe essere possibile combinarle con altri dati per identificare personalmente singole persone.<\/p>\n\n\n\n<h4 class=\"wp-block-heading\">Informazione personale<\/h4>\n\n\n\n<p>Potremmo richiedere informazioni personali che possono includere uno o pi\u00f9 dei seguenti:<\/p>\n\n\n\n<ul class=\"wp-block-list\">\n<li>Nome<\/li>\n\n\n\n<li>E-mail<\/li>\n<\/ul>\n\n\n\n<h4 class=\"wp-block-heading\">Motivi legittimi per il trattamento dei tuoi dati personali<\/h4>\n\n\n\n<p>Raccogliamo e utilizziamo le tue informazioni personali solo quando abbiamo un motivo legittimo per farlo. In tal caso, raccogliamo solo le informazioni personali ragionevolmente necessarie per fornirti i nostri servizi.<\/p>\n\n\n\n<h4 class=\"wp-block-heading\">Raccolta e utilizzo delle informazioni<\/h4>\n\n\n\n<p>Potremmo raccogliere informazioni personali da te quando esegui una delle seguenti operazioni sul nostro sito web:<\/p>\n\n\n\n<ul class=\"wp-block-list\">\n<li>Utilizza un dispositivo mobile o un browser web per accedere ai nostri contenuti<\/li>\n\n\n\n<li>Contattaci via e-mail, social media o tecnologie simili<\/li>\n\n\n\n<li>Quando ci menzioni sui social media<\/li>\n<\/ul>\n\n\n\n<p>Possiamo raccogliere, conservare, utilizzare e divulgare informazioni per i seguenti scopi e le informazioni personali non saranno ulteriormente elaborate in modo incompatibile con tali scopi:<\/p>\n\n\n\n<p>Possiamo raccogliere, conservare, utilizzare e divulgare informazioni per i seguenti scopi e le informazioni personali non saranno ulteriormente elaborate in modo incompatibile con tali scopi:<\/p>\n\n\n\n<ul class=\"wp-block-list\">\n<li>per consentirti di personalizzare o personalizzare la tua esperienza sul nostro sito web<\/li>\n\n\n\n<li>per analisi, ricerche di mercato e sviluppo aziendale, incluso il funzionamento e il miglioramento del nostro sito Web, delle applicazioni associate e delle piattaforme di social media associate<\/li>\n<\/ul>\n\n\n\n<p>Tieni presente che potremmo combinare le informazioni che raccogliamo su di te con informazioni generali o dati di ricerca che riceviamo da altre fonti attendibili.<\/p>\n\n\n\n<h4 class=\"wp-block-heading\">Sicurezza delle tue informazioni personali<\/h4>\n\n\n\n<p>Quando raccogliamo ed elaboriamo informazioni personali e mentre conserviamo tali informazioni, le proteggeremo con mezzi commercialmente accettabili per prevenire perdite e furti, nonch\u00e9 accesso, divulgazione, copia, utilizzo o modifica non autorizzati.<\/p>\n\n\n\n<p>Anche se faremo del nostro meglio per proteggere le informazioni personali che ci fornisci, ti informiamo che nessun metodo di trasmissione o archiviazione elettronica \u00e8 sicuro 100% e nessuno pu\u00f2 garantire la sicurezza assoluta dei dati. Rispetteremo le leggi a noi applicabili in relazione a qualsiasi violazione dei dati.<\/p>\n\n\n\n<p>Sei responsabile della selezione di qualsiasi password e della sua forza di sicurezza complessiva, garantendo la sicurezza delle tue informazioni entro i limiti dei nostri servizi.<\/p>\n\n\n\n<h4 class=\"wp-block-heading\">Per quanto tempo conserviamo le tue informazioni personali<\/h4>\n\n\n\n<p>Conserviamo le tue informazioni personali solo per il tempo necessario. Questo periodo di tempo pu\u00f2 dipendere dallo scopo per cui utilizziamo le tue informazioni, in conformit\u00e0 con la presente informativa sulla privacy. Se le tue informazioni personali non sono pi\u00f9 necessarie, le cancelleremo o le renderemo anonime rimuovendo tutti i dettagli che ti identificano.<\/p>\n\n\n\n<p>Tuttavia, se necessario, potremmo conservare le tue informazioni personali per ottemperare a un obbligo legale, contabile o di rendicontazione o per scopi di archiviazione nell&#039;interesse pubblico, scopi di ricerca scientifica o storica o scopi statistici.<\/p>\n\n\n\n<h3 class=\"wp-block-heading\">Privacy dei bambini<\/h3>\n\n\n\n<p>Non rivolgiamo direttamente nessuno dei nostri prodotti o servizi ai bambini di et\u00e0 inferiore ai 13 anni e non raccogliamo consapevolmente informazioni personali sui bambini di et\u00e0 inferiore ai 13 anni.<\/p>\n\n\n\n<h3 class=\"wp-block-heading\">Trasferimenti internazionali di informazioni personali<\/h3>\n\n\n\n<p>Le informazioni personali che raccogliamo vengono archiviate e\/o elaborate laddove noi o i nostri partner, affiliati e fornitori di terze parti manteniamo strutture. Tieni presente che i luoghi in cui archiviamo, elaboriamo o trasferiamo le tue informazioni personali potrebbero non avere le stesse leggi sulla protezione dei dati del paese in cui hai inizialmente fornito le informazioni. Se trasferiamo le tue informazioni personali a terzi in altri paesi: (i) eseguiremo tali trasferimenti in conformit\u00e0 con i requisiti della legge applicabile; e (ii) proteggeremo le informazioni personali trasferite in conformit\u00e0 con la presente informativa sulla privacy.<\/p>\n\n\n\n<h3 class=\"wp-block-heading\">I tuoi diritti e il controllo delle tue informazioni personali<\/h3>\n\n\n\n<p>Hai sempre il diritto di non fornirci informazioni personali, con la consapevolezza che la tua esperienza sul nostro sito Web potrebbe essere influenzata. Non ti discrimineremo per aver esercitato uno qualsiasi dei tuoi diritti sulle tue informazioni personali. Se ci fornisci informazioni personali, comprendi che le raccoglieremo, conserveremo, utilizzeremo e divulgheremo in conformit\u00e0 con la presente informativa sulla privacy. Hai il diritto di richiedere dettagli su qualsiasi informazione personale che conserviamo su di te.<\/p>\n\n\n\n<p>Se riceviamo informazioni personali su di te da una terza parte, le proteggeremo come stabilito nella presente informativa sulla privacy. Se sei una terza parte che fornisce informazioni personali su qualcun altro, dichiari e garantisci di avere il consenso di tale persona a fornirci le informazioni personali.<\/p>\n\n\n\n<p>Se hai precedentemente acconsentito all&#039;utilizzo delle tue informazioni personali per scopi di marketing diretto, potresti cambiare idea in qualsiasi momento. Ti forniremo la possibilit\u00e0 di annullare l&#039;iscrizione al nostro database di posta elettronica o di disattivare le comunicazioni. Tieni presente che potremmo aver bisogno di richiederti informazioni specifiche per aiutarci a confermare la tua identit\u00e0.<\/p>\n\n\n\n<p>Se ritieni che le informazioni in nostro possesso su di te siano imprecise, obsolete, incomplete, irrilevanti o fuorvianti, ti preghiamo di contattarci utilizzando i dettagli forniti nella presente informativa sulla privacy. Adotteremo misure ragionevoli per correggere qualsiasi informazione ritenuta inaccurata, incompleta, fuorviante o non aggiornata.<\/p>\n\n\n\n<p>Se ritieni che abbiamo violato una legge pertinente sulla protezione dei dati e desideri presentare un reclamo, ti preghiamo di contattarci utilizzando i dettagli di seguito e fornirci tutti i dettagli della presunta violazione. Indagheremo tempestivamente sul tuo reclamo e ti risponderemo per iscritto, esponendo l&#039;esito della nostra indagine e le misure che adotteremo per gestire il tuo reclamo. Hai anche il diritto di contattare un organismo di regolamentazione o un&#039;autorit\u00e0 di protezione dei dati in relazione al tuo reclamo.<\/p>\n\n\n\n<h3 class=\"wp-block-heading\">Utilizzo dei cookie<\/h3>\n\n\n\n<p>Utilizziamo i &quot;cookie&quot; per raccogliere informazioni su di te e sulla tua attivit\u00e0 sul nostro sito. Un cookie \u00e8 un piccolo pezzo di dati che il nostro sito web memorizza sul tuo computer e a cui accede ogni volta che lo visiti, cos\u00ec possiamo capire come utilizzi il nostro sito. Questo ci aiuta a offrirti contenuti in base alle preferenze che hai specificato.<\/p>\n\n\n\n<h3 class=\"wp-block-heading\">Limiti della nostra politica<\/h3>\n\n\n\n<p>Il nostro sito web pu\u00f2 collegarsi a siti esterni che non sono gestiti da noi. Tieni presente che non abbiamo alcun controllo sul contenuto e sulle politiche di tali siti e non possiamo assumerci alcuna responsabilit\u00e0 per le rispettive pratiche sulla privacy.<\/p>\n\n\n\n<h3 class=\"wp-block-heading\">Modifiche a questa politica<\/h3>\n\n\n\n<p>A nostra discrezione, possiamo modificare la nostra politica sulla privacy per riflettere gli aggiornamenti ai nostri processi aziendali, le attuali pratiche accettabili o le modifiche legislative o normative. Se decidiamo di modificare questa informativa sulla privacy, pubblicheremo le modifiche qui allo stesso collegamento tramite il quale accedi a questa informativa sulla privacy.<\/p>\n\n\n\n<p>Se richiesto dalla legge, otterremo la tua autorizzazione o ti daremo l&#039;opportunit\u00e0 di accettare o rinunciare, a seconda dei casi, a qualsiasi nuovo utilizzo delle tue informazioni personali.<\/p>\n\n\n\n<h3 class=\"wp-block-heading\">Contattaci<\/h3>\n\n\n\n<p>Per qualsiasi domanda o dubbio riguardante la tua privacy, puoi contattarci utilizzando i seguenti dettagli:<\/p>\n\n\n\n<p>Frank Wu<br><a href=\"https:\/\/scafotech.com\/it\/\" target=\"_blank\" rel=\"noopener\">https:\/\/scafotech.com\/<\/a><\/p>","protected":false},"excerpt":{"rendered":"<p>Your privacy is important to us. Scafotech&#8217;s policy is to respect your privacy and comply with any applicable law and regulation regarding any personal information we may collect about you, including across our website,\u00a0https:\/\/scafotech.com\/, and other sites we own and operate. This policy is effective as of 8 August 2021 and was last updated on [&hellip;]<\/p>\n","protected":false},"author":1,"featured_media":0,"parent":0,"menu_order":0,"comment_status":"closed","ping_status":"closed","template":"","meta":{"_seopress_robots_primary_cat":"","_seopress_titles_title":"Protecting Your Privacy: Scafotech's Commitment to Data Security","_seopress_titles_desc":"At Scafotech, your privacy is paramount. We adhere to strict privacy guidelines, ensuring the secure collection and use of your personal information. Learn more.","_seopress_robots_index":"","footnotes":""},"class_list":["post-1427","page","type-page","status-publish"],"_links":{"self":[{"href":"https:\/\/scafotech.com\/it\/wp-json\/wp\/v2\/pages\/1427","targetHints":{"allow":["GET"]}}],"collection":[{"href":"https:\/\/scafotech.com\/it\/wp-json\/wp\/v2\/pages"}],"about":[{"href":"https:\/\/scafotech.com\/it\/wp-json\/wp\/v2\/types\/page"}],"author":[{"embeddable":true,"href":"https:\/\/scafotech.com\/it\/wp-json\/wp\/v2\/users\/1"}],"replies":[{"embeddable":true,"href":"https:\/\/scafotech.com\/it\/wp-json\/wp\/v2\/comments?post=1427"}],"version-history":[{"count":1,"href":"https:\/\/scafotech.com\/it\/wp-json\/wp\/v2\/pages\/1427\/revisions"}],"predecessor-version":[{"id":3023,"href":"https:\/\/scafotech.com\/it\/wp-json\/wp\/v2\/pages\/1427\/revisions\/3023"}],"wp:attachment":[{"href":"https:\/\/scafotech.com\/it\/wp-json\/wp\/v2\/media?parent=1427"}],"curies":[{"name":"parola chiave","href":"https:\/\/api.w.org\/{rel}","templated":true}]}}