{"id":25,"date":"2023-03-12T15:33:03","date_gmt":"2023-03-12T07:33:03","guid":{"rendered":"https:\/\/scafotech.com\/?page_id=25"},"modified":"2023-05-21T00:16:42","modified_gmt":"2023-05-20T16:16:42","slug":"services","status":"publish","type":"page","link":"https:\/\/scafotech.com\/es_es\/services\/","title":{"rendered":"Servicios"},"content":{"rendered":"<div data-elementor-type=\"wp-page\" data-elementor-id=\"25\" class=\"elementor elementor-25\" data-elementor-post-type=\"page\">\n\t\t\t\t\t\t<section class=\"elementor-section elementor-top-section elementor-element elementor-element-2b48a051 custom-ele-section-css elementor-section-boxed elementor-section-height-default elementor-section-height-default\" data-id=\"2b48a051\" data-element_type=\"section\" data-e-type=\"section\">\n\t\t\t\t\t\t<div class=\"elementor-container elementor-column-gap-default\">\n\t\t\t\t\t<div class=\"elementor-column elementor-col-100 elementor-top-column elementor-element elementor-element-4809c2a0 elementor-invisible\" data-id=\"4809c2a0\" data-element_type=\"column\" data-e-type=\"column\" data-settings=\"{&quot;animation&quot;:&quot;zoomIn&quot;}\">\n\t\t\t<div class=\"elementor-widget-wrap elementor-element-populated\">\n\t\t\t\t\t\t<div class=\"elementor-element elementor-element-6b95d8e6 elementor-widget elementor-widget-heading\" data-id=\"6b95d8e6\" data-element_type=\"widget\" data-e-type=\"widget\" data-widget_type=\"heading.default\">\n\t\t\t\t<div class=\"elementor-widget-container\">\n\t\t\t\t\t<p class=\"elementor-heading-title elementor-size-default\">Servicios<\/p>\t\t\t\t<\/div>\n\t\t\t\t<\/div>\n\t\t\t\t<div class=\"elementor-element elementor-element-241a5c5 elementor-widget elementor-widget-heading\" data-id=\"241a5c5\" data-element_type=\"widget\" data-e-type=\"widget\" data-widget_type=\"heading.default\">\n\t\t\t\t<div class=\"elementor-widget-container\">\n\t\t\t\t\t<h1 class=\"elementor-heading-title elementor-size-default\">Qu\u00e9 hacemos<\/h1>\t\t\t\t<\/div>\n\t\t\t\t<\/div>\n\t\t\t\t<div class=\"elementor-element elementor-element-20596936 elementor-widget elementor-widget-text-editor\" data-id=\"20596936\" data-element_type=\"widget\" data-e-type=\"widget\" data-widget_type=\"text-editor.default\">\n\t\t\t\t<div class=\"elementor-widget-container\">\n\t\t\t\t\t\t\t\t\t<p>Brindando soluciones integrales de andamios para sus necesidades de construcci\u00f3n<\/p>\t\t\t\t\t\t\t\t<\/div>\n\t\t\t\t<\/div>\n\t\t\t\t\t<\/div>\n\t\t<\/div>\n\t\t\t\t\t<\/div>\n\t\t<\/section>\n\t\t\t\t<section class=\"elementor-section elementor-top-section elementor-element elementor-element-761404f custom-ele-section-css elementor-section-boxed elementor-section-height-default elementor-section-height-default\" data-id=\"761404f\" data-element_type=\"section\" data-e-type=\"section\">\n\t\t\t\t\t\t<div class=\"elementor-container elementor-column-gap-default\">\n\t\t\t\t\t<div class=\"elementor-column elementor-col-50 elementor-top-column elementor-element elementor-element-15e6fd55 elementor-invisible\" data-id=\"15e6fd55\" data-element_type=\"column\" data-e-type=\"column\" data-settings=\"{&quot;animation&quot;:&quot;fadeInLeft&quot;}\">\n\t\t\t<div class=\"elementor-widget-wrap elementor-element-populated\">\n\t\t\t\t\t\t<div class=\"elementor-element elementor-element-122668a2 elementor-widget elementor-widget-heading\" data-id=\"122668a2\" data-element_type=\"widget\" data-e-type=\"widget\" data-widget_type=\"heading.default\">\n\t\t\t\t<div class=\"elementor-widget-container\">\n\t\t\t\t\t<p class=\"elementor-heading-title elementor-size-default\">Servicios que brindamos<\/p>\t\t\t\t<\/div>\n\t\t\t\t<\/div>\n\t\t\t\t<div class=\"elementor-element elementor-element-4936e5c8 elementor-widget elementor-widget-heading\" data-id=\"4936e5c8\" data-element_type=\"widget\" data-e-type=\"widget\" data-widget_type=\"heading.default\">\n\t\t\t\t<div class=\"elementor-widget-container\">\n\t\t\t\t\t<h3 class=\"elementor-heading-title elementor-size-default\">Servicios de contrataci\u00f3n profesionales para sus necesidades de construcci\u00f3n<\/h3>\t\t\t\t<\/div>\n\t\t\t\t<\/div>\n\t\t\t\t<div class=\"elementor-element elementor-element-46564dfa elementor-widget elementor-widget-text-editor\" data-id=\"46564dfa\" data-element_type=\"widget\" data-e-type=\"widget\" data-widget_type=\"text-editor.default\">\n\t\t\t\t<div class=\"elementor-widget-container\">\n\t\t\t\t\t\t\t\t\t<p>Experimente la diferencia de servicio de ScafoTech: desde la consulta de dise\u00f1o hasta la producci\u00f3n a medida, nuestros servicios de contrataci\u00f3n profesionales abarcan cada aspecto de su proyecto de construcci\u00f3n. Armado con una profunda experiencia y habilidades en la industria, nuestro equipo est\u00e1 listo para crear soluciones de calidad superior, perfectamente adaptadas a las necesidades espec\u00edficas de su proyecto.<\/p>\t\t\t\t\t\t\t\t<\/div>\n\t\t\t\t<\/div>\n\t\t\t\t<div class=\"elementor-element elementor-element-30c34d22 elementor-widget elementor-widget-text-editor\" data-id=\"30c34d22\" data-element_type=\"widget\" data-e-type=\"widget\" data-widget_type=\"text-editor.default\">\n\t\t\t\t<div class=\"elementor-widget-container\">\n\t\t\t\t\t\t\t\t\t<p>M\u00e1s all\u00e1 de la fabricaci\u00f3n, ScafoTech extiende sus servicios a ventas, soporte t\u00e9cnico y capacitaci\u00f3n especializada, consolidando el camino hacia el \u00e9xito de su proyecto. Conf\u00ede en nuestro compromiso con el profesionalismo y la excelencia mientras nos esforzamos por redefinir los est\u00e1ndares de la industria de andamios y su experiencia en construcci\u00f3n.<\/p>\t\t\t\t\t\t\t\t<\/div>\n\t\t\t\t<\/div>\n\t\t\t\t<div class=\"elementor-element elementor-element-429cd603 elementor-tablet-align-center elementor-widget elementor-widget-button\" data-id=\"429cd603\" data-element_type=\"widget\" data-e-type=\"widget\" data-widget_type=\"button.default\">\n\t\t\t\t<div class=\"elementor-widget-container\">\n\t\t\t\t\t\t\t\t\t<div class=\"elementor-button-wrapper\">\n\t\t\t\t\t<a class=\"elementor-button elementor-button-link elementor-size-sm\" href=\"#elementor-action%3Aaction%3Dpopup%3Aopen%26settings%3DeyJpZCI6IjM1MiIsInRvZ2dsZSI6ZmFsc2V9\">\n\t\t\t\t\t\t<span class=\"elementor-button-content-wrapper\">\n\t\t\t\t\t\t<span class=\"elementor-button-icon\">\n\t\t\t\t<i aria-hidden=\"true\" class=\"fas fa-arrow-right\"><\/i>\t\t\t<\/span>\n\t\t\t\t\t\t\t\t\t<span class=\"elementor-button-text\">Crear un proyecto<\/span>\n\t\t\t\t\t<\/span>\n\t\t\t\t\t<\/a>\n\t\t\t\t<\/div>\n\t\t\t\t\t\t\t\t<\/div>\n\t\t\t\t<\/div>\n\t\t\t\t\t<\/div>\n\t\t<\/div>\n\t\t\t\t<div class=\"elementor-column elementor-col-50 elementor-top-column elementor-element elementor-element-6e5d6d1b elementor-invisible\" data-id=\"6e5d6d1b\" data-element_type=\"column\" data-e-type=\"column\" data-settings=\"{&quot;animation&quot;:&quot;fadeInRight&quot;}\">\n\t\t\t<div class=\"elementor-widget-wrap elementor-element-populated\">\n\t\t\t\t\t\t<div class=\"elementor-element elementor-element-3de1fb22 elementor-widget elementor-widget-image\" data-id=\"3de1fb22\" data-element_type=\"widget\" data-e-type=\"widget\" data-widget_type=\"image.default\">\n\t\t\t\t<div class=\"elementor-widget-container\">\n\t\t\t\t\t\t\t\t\t\t\t\t\t\t\t<img decoding=\"async\" src=\"https:\/\/scafotech.com\/wp-content\/uploads\/elementor\/thumbs\/formwork-for-concrete-on-the-structure-q4bxc60s82yz5pzm6znvn871xra96pba1l1ez4k38w.jpg\" title=\"Encofrado para hormig\u00f3n sobre la estructura.\" alt=\"Encofrado para hormig\u00f3n sobre la estructura.\" loading=\"lazy\" \/>\t\t\t\t\t\t\t\t\t\t\t\t\t\t\t<\/div>\n\t\t\t\t<\/div>\n\t\t\t\t\t<\/div>\n\t\t<\/div>\n\t\t\t\t\t<\/div>\n\t\t<\/section>\n\t\t\t\t<section class=\"elementor-section elementor-top-section elementor-element elementor-element-df5c49 custom-ele-section-css elementor-section-boxed elementor-section-height-default elementor-section-height-default\" data-id=\"df5c49\" data-element_type=\"section\" data-e-type=\"section\">\n\t\t\t\t\t\t<div class=\"elementor-container elementor-column-gap-default\">\n\t\t\t\t\t<div class=\"elementor-column elementor-col-100 elementor-top-column elementor-element elementor-element-2490eb4e elementor-invisible\" data-id=\"2490eb4e\" data-element_type=\"column\" data-e-type=\"column\" data-settings=\"{&quot;animation&quot;:&quot;fadeInUp&quot;}\">\n\t\t\t<div class=\"elementor-widget-wrap elementor-element-populated\">\n\t\t\t\t\t\t<section class=\"elementor-section elementor-inner-section elementor-element elementor-element-4681a1eb elementor-section-boxed elementor-section-height-default elementor-section-height-default\" data-id=\"4681a1eb\" data-element_type=\"section\" data-e-type=\"section\">\n\t\t\t\t\t\t<div class=\"elementor-container elementor-column-gap-default\">\n\t\t\t\t\t<div class=\"elementor-column elementor-col-33 elementor-inner-column elementor-element elementor-element-a8ce22b\" data-id=\"a8ce22b\" data-element_type=\"column\" data-e-type=\"column\">\n\t\t\t<div class=\"elementor-widget-wrap elementor-element-populated\">\n\t\t\t\t\t\t<div class=\"elementor-element elementor-element-6caa0c0d elementor-position-top elementor-widget elementor-widget-image-box\" data-id=\"6caa0c0d\" data-element_type=\"widget\" data-e-type=\"widget\" data-widget_type=\"image-box.default\">\n\t\t\t\t<div class=\"elementor-widget-container\">\n\t\t\t\t\t<div class=\"elementor-image-box-wrapper\"><figure class=\"elementor-image-box-img\"><img fetchpriority=\"high\" decoding=\"async\" width=\"2000\" height=\"1390\" src=\"https:\/\/scafotech.com\/wp-content\/uploads\/2023\/03\/architect-handshake-and-thank-you-for-construction-blueprint-and-collaboration-on-building-design.jpg\" class=\"attachment-full size-full wp-image-693\" alt=\"Arquitecto, apret\u00f3n de manos y gracias por la construcci\u00f3n, el plano y la colaboraci\u00f3n en el dise\u00f1o del edificio.\" srcset=\"https:\/\/scafotech.com\/wp-content\/uploads\/2023\/03\/architect-handshake-and-thank-you-for-construction-blueprint-and-collaboration-on-building-design.jpg 2000w, https:\/\/scafotech.com\/wp-content\/uploads\/2023\/03\/architect-handshake-and-thank-you-for-construction-blueprint-and-collaboration-on-building-design-300x209.jpg 300w, https:\/\/scafotech.com\/wp-content\/uploads\/2023\/03\/architect-handshake-and-thank-you-for-construction-blueprint-and-collaboration-on-building-design-1024x712.jpg 1024w, https:\/\/scafotech.com\/wp-content\/uploads\/2023\/03\/architect-handshake-and-thank-you-for-construction-blueprint-and-collaboration-on-building-design-768x534.jpg 768w, https:\/\/scafotech.com\/wp-content\/uploads\/2023\/03\/architect-handshake-and-thank-you-for-construction-blueprint-and-collaboration-on-building-design-1536x1068.jpg 1536w\" sizes=\"(max-width: 2000px) 100vw, 2000px\" \/><\/figure><div class=\"elementor-image-box-content\"><h5 class=\"elementor-image-box-title\">Dise\u00f1o y Consulta<\/h5><p class=\"elementor-image-box-description\">Nuestro equipo experimentado brinda servicios expertos de consultor\u00eda y dise\u00f1o de andamios y encofrados para garantizar el \u00e9xito de su proyecto de construcci\u00f3n. Desde el dise\u00f1o del proyecto hasta la gesti\u00f3n de la construcci\u00f3n, trabajamos estrechamente con usted para brindarle soluciones personalizadas que satisfagan sus necesidades \u00fanicas.<br><\/p><\/div><\/div>\t\t\t\t<\/div>\n\t\t\t\t<\/div>\n\t\t\t\t<div class=\"elementor-element elementor-element-71da8b9b elementor-position-top elementor-widget elementor-widget-image-box\" data-id=\"71da8b9b\" data-element_type=\"widget\" data-e-type=\"widget\" data-widget_type=\"image-box.default\">\n\t\t\t\t<div class=\"elementor-widget-container\">\n\t\t\t\t\t<div class=\"elementor-image-box-wrapper\"><figure class=\"elementor-image-box-img\"><img decoding=\"async\" width=\"2000\" height=\"1253\" src=\"https:\/\/scafotech.com\/wp-content\/uploads\/2023\/03\/construction.jpg\" class=\"attachment-full size-full wp-image-695\" alt=\"construcci\u00f3n\" srcset=\"https:\/\/scafotech.com\/wp-content\/uploads\/2023\/03\/construction.jpg 2000w, https:\/\/scafotech.com\/wp-content\/uploads\/2023\/03\/construction-300x188.jpg 300w, https:\/\/scafotech.com\/wp-content\/uploads\/2023\/03\/construction-1024x642.jpg 1024w, https:\/\/scafotech.com\/wp-content\/uploads\/2023\/03\/construction-768x481.jpg 768w, https:\/\/scafotech.com\/wp-content\/uploads\/2023\/03\/construction-1536x962.jpg 1536w\" sizes=\"(max-width: 2000px) 100vw, 2000px\" \/><\/figure><div class=\"elementor-image-box-content\"><h5 class=\"elementor-image-box-title\">Habilidades t\u00e9cnicas y capacitaci\u00f3n<\/h5><p class=\"elementor-image-box-description\">Ofrecemos habilidades t\u00e9cnicas integrales y programas de capacitaci\u00f3n para garantizar que su equipo est\u00e9 equipado con el conocimiento y las habilidades necesarias para completar con \u00e9xito su proyecto. Nuestros programas de capacitaci\u00f3n est\u00e1n dise\u00f1ados para satisfacer las necesidades espec\u00edficas de su equipo y pueden personalizarse para adaptarse a su horario.<\/p><\/div><\/div>\t\t\t\t<\/div>\n\t\t\t\t<\/div>\n\t\t\t\t\t<\/div>\n\t\t<\/div>\n\t\t\t\t<div class=\"elementor-column elementor-col-33 elementor-inner-column elementor-element elementor-element-518e851b\" data-id=\"518e851b\" data-element_type=\"column\" data-e-type=\"column\">\n\t\t\t<div class=\"elementor-widget-wrap elementor-element-populated\">\n\t\t\t\t\t\t<div class=\"elementor-element elementor-element-781ebecc elementor-position-top elementor-widget elementor-widget-image-box\" data-id=\"781ebecc\" data-element_type=\"widget\" data-e-type=\"widget\" data-widget_type=\"image-box.default\">\n\t\t\t\t<div class=\"elementor-widget-container\">\n\t\t\t\t\t<div class=\"elementor-image-box-wrapper\"><figure class=\"elementor-image-box-img\"><img decoding=\"async\" width=\"800\" height=\"600\" src=\"https:\/\/scafotech.com\/wp-content\/uploads\/2023\/03\/why-choose-us_04.jpg\" class=\"attachment-2048x2048 size-2048x2048 wp-image-339\" alt=\"\" srcset=\"https:\/\/scafotech.com\/wp-content\/uploads\/2023\/03\/why-choose-us_04.jpg 800w, https:\/\/scafotech.com\/wp-content\/uploads\/2023\/03\/why-choose-us_04-300x225.jpg 300w, https:\/\/scafotech.com\/wp-content\/uploads\/2023\/03\/why-choose-us_04-768x576.jpg 768w\" sizes=\"(max-width: 800px) 100vw, 800px\" \/><\/figure><div class=\"elementor-image-box-content\"><h5 class=\"elementor-image-box-title\">Personalizaci\u00f3n y producci\u00f3n<\/h5><p class=\"elementor-image-box-description\">Nuestras instalaciones de producci\u00f3n de \u00faltima generaci\u00f3n nos permiten ofrecer soluciones de andamios personalizadas para satisfacer sus requisitos espec\u00edficos. Utilizamos s\u00f3lo materiales de la m\u00e1s alta calidad y tecnolog\u00eda de punta para garantizar la durabilidad y longevidad de nuestros productos.<\/p><\/div><\/div>\t\t\t\t<\/div>\n\t\t\t\t<\/div>\n\t\t\t\t<div class=\"elementor-element elementor-element-7a269f3b elementor-position-top elementor-widget elementor-widget-image-box\" data-id=\"7a269f3b\" data-element_type=\"widget\" data-e-type=\"widget\" data-widget_type=\"image-box.default\">\n\t\t\t\t<div class=\"elementor-widget-container\">\n\t\t\t\t\t<div class=\"elementor-image-box-wrapper\"><figure class=\"elementor-image-box-img\"><img loading=\"lazy\" decoding=\"async\" width=\"969\" height=\"726\" src=\"https:\/\/scafotech.com\/wp-content\/uploads\/2023\/03\/000.jpg\" class=\"attachment-full size-full wp-image-340\" alt=\"pruebas de andamios\" srcset=\"https:\/\/scafotech.com\/wp-content\/uploads\/2023\/03\/000.jpg 969w, https:\/\/scafotech.com\/wp-content\/uploads\/2023\/03\/000-300x225.jpg 300w, https:\/\/scafotech.com\/wp-content\/uploads\/2023\/03\/000-768x575.jpg 768w\" sizes=\"(max-width: 969px) 100vw, 969px\" \/><\/figure><div class=\"elementor-image-box-content\"><h5 class=\"elementor-image-box-title\">Pruebas<\/h5><p class=\"elementor-image-box-description\">Nuestros productos se someten a pruebas rigurosas para garantizar que cumplan con los m\u00e1s altos est\u00e1ndares de seguridad y calidad de la industria. Disponemos de laboratorio propio y diversas m\u00e1quinas de ensayo. Tambi\u00e9n utilizamos la \u00faltima tecnolog\u00eda y m\u00e9todos de prueba para garantizar que nuestros productos cumplan o superen sus expectativas.<\/p><\/div><\/div>\t\t\t\t<\/div>\n\t\t\t\t<\/div>\n\t\t\t\t\t<\/div>\n\t\t<\/div>\n\t\t\t\t<div class=\"elementor-column elementor-col-33 elementor-inner-column elementor-element elementor-element-ed1a60c\" data-id=\"ed1a60c\" data-element_type=\"column\" data-e-type=\"column\">\n\t\t\t<div class=\"elementor-widget-wrap elementor-element-populated\">\n\t\t\t\t\t\t<div class=\"elementor-element elementor-element-5738ca24 elementor-position-top elementor-widget elementor-widget-image-box\" data-id=\"5738ca24\" data-element_type=\"widget\" data-e-type=\"widget\" data-widget_type=\"image-box.default\">\n\t\t\t\t<div class=\"elementor-widget-container\">\n\t\t\t\t\t<div class=\"elementor-image-box-wrapper\"><figure class=\"elementor-image-box-img\"><img loading=\"lazy\" decoding=\"async\" width=\"2048\" height=\"1365\" src=\"https:\/\/scafotech.com\/wp-content\/uploads\/2023\/03\/20121123-012-2048x1365.jpg\" class=\"attachment-2048x2048 size-2048x2048 wp-image-335\" alt=\"entrega-de-andamios\" srcset=\"https:\/\/scafotech.com\/wp-content\/uploads\/2023\/03\/20121123-012-2048x1365.jpg 2048w, https:\/\/scafotech.com\/wp-content\/uploads\/2023\/03\/20121123-012-300x200.jpg 300w, https:\/\/scafotech.com\/wp-content\/uploads\/2023\/03\/20121123-012-1024x683.jpg 1024w, https:\/\/scafotech.com\/wp-content\/uploads\/2023\/03\/20121123-012-768x512.jpg 768w, https:\/\/scafotech.com\/wp-content\/uploads\/2023\/03\/20121123-012-1536x1024.jpg 1536w\" sizes=\"(max-width: 2048px) 100vw, 2048px\" \/><\/figure><div class=\"elementor-image-box-content\"><h5 class=\"elementor-image-box-title\"><br>Ventas<\/h5><p class=\"elementor-image-box-description\">Nuestro experto equipo de ventas est\u00e1 dedicado a brindar el mejor servicio y soporte al cliente en andamios. Trabajamos con usted para comprender sus necesidades y brindarle las soluciones de andamios adecuadas para cumplir con su presupuesto y cronograma.<br><br><\/p><\/div><\/div>\t\t\t\t<\/div>\n\t\t\t\t<\/div>\n\t\t\t\t<div class=\"elementor-element elementor-element-4d5906d4 elementor-position-top elementor-widget elementor-widget-image-box\" data-id=\"4d5906d4\" data-element_type=\"widget\" data-e-type=\"widget\" data-widget_type=\"image-box.default\">\n\t\t\t\t<div class=\"elementor-widget-container\">\n\t\t\t\t\t<div class=\"elementor-image-box-wrapper\"><figure class=\"elementor-image-box-img\"><img loading=\"lazy\" decoding=\"async\" width=\"2425\" height=\"1362\" src=\"https:\/\/scafotech.com\/wp-content\/uploads\/2023\/03\/57d0951cfa30559e7364b4b070a3345.jpg\" class=\"attachment-full size-full wp-image-272\" alt=\"Andamios Ringlock para construcci\u00f3n naval y mantenimiento.\" srcset=\"https:\/\/scafotech.com\/wp-content\/uploads\/2023\/03\/57d0951cfa30559e7364b4b070a3345.jpg 2425w, https:\/\/scafotech.com\/wp-content\/uploads\/2023\/03\/57d0951cfa30559e7364b4b070a3345-300x168.jpg 300w, https:\/\/scafotech.com\/wp-content\/uploads\/2023\/03\/57d0951cfa30559e7364b4b070a3345-1024x575.jpg 1024w, https:\/\/scafotech.com\/wp-content\/uploads\/2023\/03\/57d0951cfa30559e7364b4b070a3345-768x431.jpg 768w, https:\/\/scafotech.com\/wp-content\/uploads\/2023\/03\/57d0951cfa30559e7364b4b070a3345-1536x863.jpg 1536w, https:\/\/scafotech.com\/wp-content\/uploads\/2023\/03\/57d0951cfa30559e7364b4b070a3345-2048x1150.jpg 2048w\" sizes=\"(max-width: 2425px) 100vw, 2425px\" \/><\/figure><div class=\"elementor-image-box-content\"><h5 class=\"elementor-image-box-title\">Contrataci\u00f3n de Servicios<\/h5><p class=\"elementor-image-box-description\">Nuestra empresa ofrece servicios profesionales de contrataci\u00f3n para proyectos de construcci\u00f3n. Desde el dise\u00f1o y la consulta hasta la personalizaci\u00f3n y la producci\u00f3n, nuestro equipo brinda soluciones integrales para satisfacer sus necesidades espec\u00edficas. Con experiencia en pruebas y control de calidad, garantizamos el m\u00e1s alto nivel de rendimiento y seguridad. Conf\u00ede en nosotros para ser su socio confiable para todas sus necesidades de contrataci\u00f3n.<\/p><\/div><\/div>\t\t\t\t<\/div>\n\t\t\t\t<\/div>\n\t\t\t\t\t<\/div>\n\t\t<\/div>\n\t\t\t\t\t<\/div>\n\t\t<\/section>\n\t\t\t\t\t<\/div>\n\t\t<\/div>\n\t\t\t\t\t<\/div>\n\t\t<\/section>\n\t\t\t\t<\/div>","protected":false},"excerpt":{"rendered":"<p>Services What We Do Providing Comprehensive Scaffolding Solutions for Your Construction Needs Services we provide Professional Contracting Services for Your Construction Needs Experience the ScafoTech service difference: From design consultation to bespoke production, our professional contracting services envelop every aspect of your construction project. Armed with deep industry expertise and skills, our team stands ready [&hellip;]<\/p>\n","protected":false},"author":1,"featured_media":0,"parent":0,"menu_order":0,"comment_status":"closed","ping_status":"closed","template":"","meta":{"_seopress_robots_primary_cat":"","_seopress_titles_title":"","_seopress_titles_desc":"","_seopress_robots_index":"","footnotes":""},"class_list":["post-25","page","type-page","status-publish"],"_links":{"self":[{"href":"https:\/\/scafotech.com\/es_es\/wp-json\/wp\/v2\/pages\/25","targetHints":{"allow":["GET"]}}],"collection":[{"href":"https:\/\/scafotech.com\/es_es\/wp-json\/wp\/v2\/pages"}],"about":[{"href":"https:\/\/scafotech.com\/es_es\/wp-json\/wp\/v2\/types\/page"}],"author":[{"embeddable":true,"href":"https:\/\/scafotech.com\/es_es\/wp-json\/wp\/v2\/users\/1"}],"replies":[{"embeddable":true,"href":"https:\/\/scafotech.com\/es_es\/wp-json\/wp\/v2\/comments?post=25"}],"version-history":[{"count":0,"href":"https:\/\/scafotech.com\/es_es\/wp-json\/wp\/v2\/pages\/25\/revisions"}],"wp:attachment":[{"href":"https:\/\/scafotech.com\/es_es\/wp-json\/wp\/v2\/media?parent=25"}],"curies":[{"name":"gracias","href":"https:\/\/api.w.org\/{rel}","templated":true}]}}