{"id":1427,"date":"2023-04-25T16:46:59","date_gmt":"2023-04-25T08:46:59","guid":{"rendered":"https:\/\/scafotech.com\/?page_id=1427"},"modified":"2024-06-17T10:33:51","modified_gmt":"2024-06-17T02:33:51","slug":"privacy-policy","status":"publish","type":"page","link":"https:\/\/scafotech.com\/es_es\/privacy-policy\/","title":{"rendered":"pol\u00edtica de privacidad"},"content":{"rendered":"<p>Su privacidad es importante para nosotros. La pol\u00edtica de Scafotech es respetar su privacidad y cumplir con todas las leyes y regulaciones aplicables con respecto a cualquier informaci\u00f3n personal que podamos recopilar sobre usted, incluso en nuestro sitio web.\u00a0<a href=\"https:\/\/scafotech.com\/es_es\/\">https:\/\/scafotech.com\/<\/a>y otros sitios que poseemos y operamos.<\/p>\n\n\n\n<p>Esta pol\u00edtica entra en vigor a partir del 8 de agosto de 2021 y se actualiz\u00f3 por \u00faltima vez el 8 de agosto de 2021.<\/p>\n\n\n\n<h3 class=\"wp-block-heading\">Informaci\u00f3n que recopilamos<\/h3>\n\n\n\n<p>La informaci\u00f3n que recopilamos incluye tanto la informaci\u00f3n que usted nos proporciona de forma consciente y activa al utilizar o participar en cualquiera de nuestros servicios y promociones, como cualquier informaci\u00f3n enviada autom\u00e1ticamente por sus dispositivos durante el acceso a nuestros productos y servicios.<\/p>\n\n\n\n<h4 class=\"wp-block-heading\">Dato de registro<\/h4>\n\n\n\n<p>Cuando visita nuestro sitio web, nuestros servidores pueden registrar autom\u00e1ticamente los datos est\u00e1ndar proporcionados por su navegador web. Puede incluir la direcci\u00f3n de Protocolo de Internet (IP) de su dispositivo, el tipo y la versi\u00f3n de su navegador, las p\u00e1ginas que visita, la hora y fecha de su visita, el tiempo dedicado a cada p\u00e1gina, otros detalles sobre su visita y detalles t\u00e9cnicos que ocurren en junto con cualquier error que pueda encontrar.<\/p>\n\n\n\n<p>Tenga en cuenta que, si bien es posible que esta informaci\u00f3n no sea de identificaci\u00f3n personal por s\u00ed sola, es posible combinarla con otros datos para identificar personalmente a personas individuales.<\/p>\n\n\n\n<h4 class=\"wp-block-heading\">Informacion personal<\/h4>\n\n\n\n<p>Podemos solicitar informaci\u00f3n personal que puede incluir uno o m\u00e1s de los siguientes:<\/p>\n\n\n\n<ul class=\"wp-block-list\">\n<li>Nombre<\/li>\n\n\n\n<li>Correo electr\u00f3nico<\/li>\n<\/ul>\n\n\n\n<h4 class=\"wp-block-heading\">Razones leg\u00edtimas para procesar su informaci\u00f3n personal<\/h4>\n\n\n\n<p>Solo recopilamos y utilizamos su informaci\u00f3n personal cuando tenemos una raz\u00f3n leg\u00edtima para hacerlo. En cuyo caso, solo recopilamos informaci\u00f3n personal que sea razonablemente necesaria para brindarle nuestros servicios.<\/p>\n\n\n\n<h4 class=\"wp-block-heading\">Recopilaci\u00f3n y uso de informaci\u00f3n<\/h4>\n\n\n\n<p>Podemos recopilar informaci\u00f3n personal sobre usted cuando realiza cualquiera de las siguientes acciones en nuestro sitio web:<\/p>\n\n\n\n<ul class=\"wp-block-list\">\n<li>Utilice un dispositivo m\u00f3vil o un navegador web para acceder a nuestro contenido<\/li>\n\n\n\n<li>Cont\u00e1ctenos por correo electr\u00f3nico, redes sociales o cualquier tecnolog\u00eda similar.<\/li>\n\n\n\n<li>Cuando nos mencionas en las redes sociales<\/li>\n<\/ul>\n\n\n\n<p>Podemos recopilar, conservar, utilizar y divulgar informaci\u00f3n para los siguientes fines, y la informaci\u00f3n personal no se procesar\u00e1 posteriormente de una manera que sea incompatible con estos fines:<\/p>\n\n\n\n<p>Podemos recopilar, conservar, utilizar y divulgar informaci\u00f3n para los siguientes fines, y la informaci\u00f3n personal no se procesar\u00e1 posteriormente de una manera que sea incompatible con estos fines:<\/p>\n\n\n\n<ul class=\"wp-block-list\">\n<li>para permitirle personalizar o personalizar su experiencia en nuestro sitio web<\/li>\n\n\n\n<li>para an\u00e1lisis, investigaci\u00f3n de mercado y desarrollo comercial, incluido para operar y mejorar nuestro sitio web, aplicaciones asociadas y plataformas de redes sociales asociadas.<\/li>\n<\/ul>\n\n\n\n<p>Tenga en cuenta que podemos combinar la informaci\u00f3n que recopilamos sobre usted con informaci\u00f3n general o datos de investigaci\u00f3n que recibimos de otras fuentes confiables.<\/p>\n\n\n\n<h4 class=\"wp-block-heading\">Seguridad de su informaci\u00f3n personal<\/h4>\n\n\n\n<p>Cuando recopilamos y procesamos informaci\u00f3n personal, y mientras conservamos esta informaci\u00f3n, la protegeremos dentro de medios comercialmente aceptables para evitar p\u00e9rdidas y robos, as\u00ed como el acceso, divulgaci\u00f3n, copia, uso o modificaci\u00f3n no autorizados.<\/p>\n\n\n\n<p>Aunque haremos todo lo posible para proteger la informaci\u00f3n personal que nos proporciona, le informamos que ning\u00fan m\u00e9todo de transmisi\u00f3n o almacenamiento electr\u00f3nico es 100% seguro y nadie puede garantizar la seguridad absoluta de los datos. Cumpliremos con las leyes que nos sean aplicables con respecto a cualquier violaci\u00f3n de datos.<\/p>\n\n\n\n<p>Usted es responsable de seleccionar cualquier contrase\u00f1a y su nivel de seguridad general, garantizando la seguridad de su propia informaci\u00f3n dentro de los l\u00edmites de nuestros servicios.<\/p>\n\n\n\n<h4 class=\"wp-block-heading\">Cu\u00e1nto tiempo conservamos su informaci\u00f3n personal<\/h4>\n\n\n\n<p>Conservamos su informaci\u00f3n personal s\u00f3lo durante el tiempo que sea necesario. Este per\u00edodo de tiempo puede depender de para qu\u00e9 utilizamos su informaci\u00f3n, de acuerdo con esta pol\u00edtica de privacidad. Si su informaci\u00f3n personal ya no es necesaria, la eliminaremos o la haremos an\u00f3nima eliminando todos los detalles que lo identifiquen.<\/p>\n\n\n\n<p>Sin embargo, si es necesario, podemos conservar su informaci\u00f3n personal para cumplir con una obligaci\u00f3n legal, contable o de presentaci\u00f3n de informes o para fines de archivo en inter\u00e9s p\u00fablico, fines de investigaci\u00f3n cient\u00edfica o hist\u00f3rica o fines estad\u00edsticos.<\/p>\n\n\n\n<h3 class=\"wp-block-heading\">Privacidad de los ni\u00f1os<\/h3>\n\n\n\n<p>Ninguno de nuestros productos o servicios est\u00e1 dirigido directamente a ni\u00f1os menores de 13 a\u00f1os y no recopilamos intencionadamente informaci\u00f3n personal sobre ni\u00f1os menores de 13 a\u00f1os.<\/p>\n\n\n\n<h3 class=\"wp-block-heading\">Transferencias Internacionales de Informaci\u00f3n Personal<\/h3>\n\n\n\n<p>La informaci\u00f3n personal que recopilamos se almacena y\/o procesa donde nosotros o nuestros socios, afiliados y proveedores externos mantenemos instalaciones. Tenga en cuenta que las ubicaciones a las que almacenamos, procesamos o transferimos su informaci\u00f3n personal pueden no tener las mismas leyes de protecci\u00f3n de datos que el pa\u00eds en el que proporcion\u00f3 inicialmente la informaci\u00f3n. Si transferimos su informaci\u00f3n personal a terceros en otros pa\u00edses: (i) realizaremos esas transferencias de acuerdo con los requisitos de la ley aplicable; y (ii) protegeremos la informaci\u00f3n personal transferida de acuerdo con esta pol\u00edtica de privacidad.<\/p>\n\n\n\n<h3 class=\"wp-block-heading\">Sus derechos y el control de su informaci\u00f3n personal<\/h3>\n\n\n\n<p>Siempre conserva el derecho de ocultarnos informaci\u00f3n personal, en el entendido de que su experiencia en nuestro sitio web puede verse afectada. No lo discriminaremos por ejercer cualquiera de sus derechos sobre su informaci\u00f3n personal. Si nos proporciona informaci\u00f3n personal, comprende que la recopilaremos, conservaremos, usaremos y divulgaremos de acuerdo con esta pol\u00edtica de privacidad. Usted conserva el derecho de solicitar detalles de cualquier informaci\u00f3n personal que tengamos sobre usted.<\/p>\n\n\n\n<p>Si recibimos informaci\u00f3n personal sobre usted de un tercero, la protegeremos como se establece en esta pol\u00edtica de privacidad. Si usted es un tercero que proporciona informaci\u00f3n personal sobre otra persona, declara y garantiza que tiene el consentimiento de dicha persona para proporcionarnos la informaci\u00f3n personal.<\/p>\n\n\n\n<p>Si previamente acept\u00f3 que utilicemos su informaci\u00f3n personal con fines de marketing directo, puede cambiar de opini\u00f3n en cualquier momento. Le brindaremos la posibilidad de cancelar la suscripci\u00f3n a nuestra base de datos de correo electr\u00f3nico u optar por no recibir comunicaciones. Tenga en cuenta que es posible que necesitemos solicitarle informaci\u00f3n espec\u00edfica para ayudarnos a confirmar su identidad.<\/p>\n\n\n\n<p>Si cree que cualquier informaci\u00f3n que tenemos sobre usted es inexacta, desactualizada, incompleta, irrelevante o enga\u00f1osa, comun\u00edquese con nosotros utilizando los detalles proporcionados en esta pol\u00edtica de privacidad. Tomaremos medidas razonables para corregir cualquier informaci\u00f3n que se considere inexacta, incompleta, enga\u00f1osa o desactualizada.<\/p>\n\n\n\n<p>Si cree que hemos violado una ley de protecci\u00f3n de datos relevante y desea presentar una queja, comun\u00edquese con nosotros utilizando los detalles a continuaci\u00f3n y proporci\u00f3nenos todos los detalles de la supuesta violaci\u00f3n. Investigaremos su queja de inmediato y le responderemos por escrito, exponiendo el resultado de nuestra investigaci\u00f3n y los pasos que tomaremos para abordar su queja. Tambi\u00e9n tiene derecho a ponerse en contacto con un organismo regulador o autoridad de protecci\u00f3n de datos en relaci\u00f3n con su queja.<\/p>\n\n\n\n<h3 class=\"wp-block-heading\">Uso de cookies<\/h3>\n\n\n\n<p>Utilizamos \u201ccookies\u201d para recopilar informaci\u00f3n sobre usted y su actividad en nuestro sitio. Una cookie es un peque\u00f1o fragmento de datos que nuestro sitio web almacena en su computadora y al que accede cada vez que lo visita, para que podamos comprender c\u00f3mo utiliza nuestro sitio. Esto nos ayuda a ofrecerle contenido seg\u00fan las preferencias que haya especificado.<\/p>\n\n\n\n<h3 class=\"wp-block-heading\">L\u00edmites de nuestra pol\u00edtica<\/h3>\n\n\n\n<p>Nuestro sitio web puede vincularse a sitios externos que no son operados por nosotros. Tenga en cuenta que no tenemos control sobre el contenido y las pol\u00edticas de esos sitios y no podemos aceptar responsabilidad por sus respectivas pr\u00e1cticas de privacidad.<\/p>\n\n\n\n<h3 class=\"wp-block-heading\">Cambios a esta pol\u00edtica<\/h3>\n\n\n\n<p>A nuestra discreci\u00f3n, podemos cambiar nuestra pol\u00edtica de privacidad para reflejar actualizaciones de nuestros procesos comerciales, pr\u00e1cticas aceptables actuales o cambios legislativos o regulatorios. Si decidimos cambiar esta pol\u00edtica de privacidad, publicaremos los cambios aqu\u00ed en el mismo enlace mediante el cual accede a esta pol\u00edtica de privacidad.<\/p>\n\n\n\n<p>Si lo exige la ley, obtendremos su permiso o le daremos la oportunidad de aceptar o no, seg\u00fan corresponda, cualquier uso nuevo de su informaci\u00f3n personal.<\/p>\n\n\n\n<h3 class=\"wp-block-heading\">Cont\u00e1ctenos<\/h3>\n\n\n\n<p>Para cualquier pregunta o inquietud sobre su privacidad, puede contactarnos utilizando los siguientes datos:<\/p>\n\n\n\n<p>Frank Wu<br><a href=\"https:\/\/scafotech.com\/es_es\/\" target=\"_blank\" rel=\"noopener\">https:\/\/scafotech.com\/<\/a><\/p>","protected":false},"excerpt":{"rendered":"<p>Your privacy is important to us. Scafotech&#8217;s policy is to respect your privacy and comply with any applicable law and regulation regarding any personal information we may collect about you, including across our website,\u00a0https:\/\/scafotech.com\/, and other sites we own and operate. This policy is effective as of 8 August 2021 and was last updated on [&hellip;]<\/p>\n","protected":false},"author":1,"featured_media":0,"parent":0,"menu_order":0,"comment_status":"closed","ping_status":"closed","template":"","meta":{"_seopress_robots_primary_cat":"","_seopress_titles_title":"Protecting Your Privacy: Scafotech's Commitment to Data Security","_seopress_titles_desc":"At Scafotech, your privacy is paramount. We adhere to strict privacy guidelines, ensuring the secure collection and use of your personal information. Learn more.","_seopress_robots_index":"","footnotes":""},"class_list":["post-1427","page","type-page","status-publish"],"_links":{"self":[{"href":"https:\/\/scafotech.com\/es_es\/wp-json\/wp\/v2\/pages\/1427","targetHints":{"allow":["GET"]}}],"collection":[{"href":"https:\/\/scafotech.com\/es_es\/wp-json\/wp\/v2\/pages"}],"about":[{"href":"https:\/\/scafotech.com\/es_es\/wp-json\/wp\/v2\/types\/page"}],"author":[{"embeddable":true,"href":"https:\/\/scafotech.com\/es_es\/wp-json\/wp\/v2\/users\/1"}],"replies":[{"embeddable":true,"href":"https:\/\/scafotech.com\/es_es\/wp-json\/wp\/v2\/comments?post=1427"}],"version-history":[{"count":1,"href":"https:\/\/scafotech.com\/es_es\/wp-json\/wp\/v2\/pages\/1427\/revisions"}],"predecessor-version":[{"id":3023,"href":"https:\/\/scafotech.com\/es_es\/wp-json\/wp\/v2\/pages\/1427\/revisions\/3023"}],"wp:attachment":[{"href":"https:\/\/scafotech.com\/es_es\/wp-json\/wp\/v2\/media?parent=1427"}],"curies":[{"name":"gracias","href":"https:\/\/api.w.org\/{rel}","templated":true}]}}